{"id":7281,"date":"2022-10-06T08:51:33","date_gmt":"2022-10-06T14:51:33","guid":{"rendered":"https:\/\/tropicanahostel.com\/product\/festival-de-cometas-gigantes-1-de-noviembre\/"},"modified":"2023-11-12T14:48:18","modified_gmt":"2023-11-12T20:48:18","slug":"festival-de-cometas-gigantes-1-de-noviembre","status":"publish","type":"product","link":"https:\/\/tropicanahostel.com\/es\/producto\/festival-de-cometas-gigantes-1-de-noviembre\/","title":{"rendered":"Festival de cometas gigantes 1 de noviembre"},"content":{"rendered":"<p>Fiesta de los papalotes gigantes 1 de noviembre: El Festival de los Papalotes se celebra en Sumpango, Sacatep\u00e9quez, desde la antig\u00fcedad, ya que las familias de la zona recuerdan anualmente a los familiares fallecidos levantando papalotes multicolores hacia el cielo.<br \/>\nSeg\u00fan una leyenda popular del municipio, cada 1 de noviembre, los malos esp\u00edritus invad\u00edan el cementerio para perturbar las buenas almas que descansaban en ese recital. Tanta incomodidad hac\u00eda que las almas de los muertos deambularan inquietas por las calles y casas humildes de Sumpango.<\/p>\n","protected":false},"excerpt":{"rendered":"<p>Fiesta de los papalotes gigantes 1 de noviembre: El Festival de los Papalotes se celebra en Sumpango, Sacatep\u00e9quez, desde la antig\u00fcedad, ya que las familias de la zona recuerdan anualmente a los familiares fallecidos levantando papalotes multicolores hacia el cielo. Seg\u00fan una leyenda popular del municipio, cada 1 de noviembre, los malos esp\u00edritus invad\u00edan el<br \/><a class=\"moretag\" href=\"https:\/\/tropicanahostel.com\/es\/producto\/festival-de-cometas-gigantes-1-de-noviembre\/\">+ M\u00e1s informaci\u00f3n<\/a><\/p>\n","protected":false},"featured_media":7284,"comment_status":"open","ping_status":"closed","template":"","meta":{"_et_pb_use_builder":"","_et_pb_old_content":"","_et_gb_content_width":"","jetpack_post_was_ever_published":false,"jetpack_publicize_message":"","jetpack_publicize_feature_enabled":true,"jetpack_social_post_already_shared":true,"jetpack_social_options":{"image_generator_settings":{"template":"highway","default_image_id":0,"font":"","enabled":false},"version":2}},"product_brand":[],"product_cat":[135],"product_tag":[],"home-package":[],"destination":[],"class_list":{"0":"post-7281","1":"product","2":"type-product","3":"status-publish","4":"has-post-thumbnail","6":"product_cat-sin-categorizar","8":"first","9":"instock","10":"featured","11":"virtual","12":"purchasable","13":"product-type-simple"},"exclude_global_add_ons":false,"addons":[{"name":"Vamos al Festival!","type":"multiple_choice","position":0,"required":false,"title_format":"label","default":"","description_enable":false,"description":"","placeholder_enable":false,"placeholder":"","display":"select","restrictions_type":"any_text","adjust_price":false,"price":"","price_type":"flat_fee","restrictions":false,"min":"0","max":"0","options":[{"label":"1 persona","price":"","price_type":"flat_fee","image":0,"visibility":true},{"label":"2 personas","price":"45","price_type":"flat_fee","image":0,"visibility":true},{"label":"3 personas","price":"90","price_type":"flat_fee","image":0,"visibility":true},{"label":"4 personas","price":"135","price_type":"flat_fee","image":0,"visibility":true},{"label":"5 personas","price":"180","price_type":"flat_fee","image":0,"visibility":true}]},{"name":"Punto de encuentro","type":"heading","position":1,"required":false,"title_format":"label","default":"","description_enable":true,"description":"Hostel Tropicana Noviembre 1ro. a las 8 a.m.","placeholder_enable":false,"placeholder":"","display":"select","restrictions_type":"any_text","adjust_price":false,"price":"","price_type":"flat_fee","restrictions":false,"min":"0","max":"0","options":[]}],"yoast_head":"<!-- This site is optimized with the Yoast SEO Premium plugin v26.1 (Yoast SEO v26.2) - https:\/\/yoast.com\/wordpress\/plugins\/seo\/ -->\n<title>Festival de cometas gigantes 1 de noviembre | Tropicana<\/title>\n<meta name=\"description\" content=\"Descubre la magia de las cometas gigantes en el Festival de Cometas. \u00a1Celebre la antigua tradici\u00f3n mientras las familias recuerdan a sus seres queridos!\" \/>\n<meta name=\"robots\" content=\"index, follow, max-snippet:-1, max-image-preview:large, max-video-preview:-1\" \/>\n<link rel=\"canonical\" href=\"https:\/\/tropicanahostel.com\/es\/producto\/festival-de-cometas-gigantes-1-de-noviembre\/\" \/>\n<meta property=\"og:locale\" content=\"es_ES\" \/>\n<meta property=\"og:type\" content=\"article\" \/>\n<meta property=\"og:title\" content=\"Festival de cometas gigantes 1 de noviembre\" \/>\n<meta property=\"og:description\" content=\"Descubre la magia de las cometas gigantes en el Festival de Cometas. \u00a1Celebre la antigua tradici\u00f3n mientras las familias recuerdan a sus seres queridos!\" \/>\n<meta property=\"og:url\" content=\"https:\/\/tropicanahostel.com\/es\/producto\/festival-de-cometas-gigantes-1-de-noviembre\/\" \/>\n<meta property=\"og:site_name\" content=\"Tropicana Hostel and Travel Agency\" \/>\n<meta property=\"article:publisher\" content=\"https:\/\/www.facebook.com\/tropicanahostel\/\" \/>\n<meta property=\"article:modified_time\" content=\"2023-11-12T20:48:18+00:00\" \/>\n<meta property=\"og:image\" content=\"https:\/\/tropicanahostel.com\/wp-content\/uploads\/2022\/10\/WhatsApp-Image-2022-10-06-at-6.03.37-PM.jpeg\" \/>\n\t<meta property=\"og:image:width\" content=\"885\" \/>\n\t<meta property=\"og:image:height\" content=\"500\" \/>\n\t<meta property=\"og:image:type\" content=\"image\/jpeg\" \/>\n<meta name=\"twitter:card\" content=\"summary_large_image\" \/>\n<meta name=\"twitter:label1\" content=\"Precio\" \/>\n\t<meta name=\"twitter:data1\" content=\"&#036;45\" \/>\n\t<meta name=\"twitter:label2\" content=\"Disponibilidad\" \/>\n\t<meta name=\"twitter:data2\" content=\"Disponible\" \/>\n<script type=\"application\/ld+json\" class=\"yoast-schema-graph\">{\"@context\":\"https:\/\/schema.org\",\"@graph\":[{\"@type\":\"WebPage\",\"@id\":\"https:\/\/tropicanahostel.com\/es\/producto\/festival-de-cometas-gigantes-1-de-noviembre\/\",\"url\":\"https:\/\/tropicanahostel.com\/es\/producto\/festival-de-cometas-gigantes-1-de-noviembre\/\",\"name\":\"Festival de cometas gigantes 1 de noviembre | Tropicana\",\"isPartOf\":{\"@id\":\"https:\/\/tropicanahostel.com\/es\/#website\"},\"primaryImageOfPage\":{\"@id\":\"https:\/\/tropicanahostel.com\/es\/producto\/festival-de-cometas-gigantes-1-de-noviembre\/#primaryimage\"},\"image\":{\"@id\":\"https:\/\/tropicanahostel.com\/es\/producto\/festival-de-cometas-gigantes-1-de-noviembre\/#primaryimage\"},\"thumbnailUrl\":\"https:\/\/tropicanahostel.com\/wp-content\/uploads\/2022\/10\/WhatsApp-Image-2022-10-06-at-6.03.37-PM.jpeg\",\"datePublished\":\"2022-10-06T14:51:33+00:00\",\"dateModified\":\"2023-11-12T20:48:18+00:00\",\"description\":\"Descubre la magia de las cometas gigantes en el Festival de Cometas. \u00a1Celebre la antigua tradici\u00f3n mientras las familias recuerdan a sus seres queridos!\",\"breadcrumb\":{\"@id\":\"https:\/\/tropicanahostel.com\/es\/producto\/festival-de-cometas-gigantes-1-de-noviembre\/#breadcrumb\"},\"inLanguage\":\"es\",\"potentialAction\":[{\"@type\":\"ReadAction\",\"target\":[\"https:\/\/tropicanahostel.com\/es\/producto\/festival-de-cometas-gigantes-1-de-noviembre\/\"]}]},{\"@type\":\"ImageObject\",\"inLanguage\":\"es\",\"@id\":\"https:\/\/tropicanahostel.com\/es\/producto\/festival-de-cometas-gigantes-1-de-noviembre\/#primaryimage\",\"url\":\"https:\/\/tropicanahostel.com\/wp-content\/uploads\/2022\/10\/WhatsApp-Image-2022-10-06-at-6.03.37-PM.jpeg\",\"contentUrl\":\"https:\/\/tropicanahostel.com\/wp-content\/uploads\/2022\/10\/WhatsApp-Image-2022-10-06-at-6.03.37-PM.jpeg\",\"width\":885,\"height\":500,\"caption\":\"cometas gigantes\"},{\"@type\":\"BreadcrumbList\",\"@id\":\"https:\/\/tropicanahostel.com\/es\/producto\/festival-de-cometas-gigantes-1-de-noviembre\/#breadcrumb\",\"itemListElement\":[{\"@type\":\"ListItem\",\"position\":1,\"name\":\"Home\",\"item\":\"https:\/\/tropicanahostel.com\/es\/\"},{\"@type\":\"ListItem\",\"position\":2,\"name\":\"Tienda\",\"item\":\"https:\/\/tropicanahostel.com\/es\/tienda\/\"},{\"@type\":\"ListItem\",\"position\":3,\"name\":\"Festival de cometas gigantes 1 de noviembre\"}]},{\"@type\":\"WebSite\",\"@id\":\"https:\/\/tropicanahostel.com\/es\/#website\",\"url\":\"https:\/\/tropicanahostel.com\/es\/\",\"name\":\"Tropicana Hostel and Travel Agency\",\"description\":\"Acatenango Tour  - Acatenango Hike - Hostel in Antigua\",\"potentialAction\":[{\"@type\":\"SearchAction\",\"target\":{\"@type\":\"EntryPoint\",\"urlTemplate\":\"https:\/\/tropicanahostel.com\/es\/?s={search_term_string}\"},\"query-input\":{\"@type\":\"PropertyValueSpecification\",\"valueRequired\":true,\"valueName\":\"search_term_string\"}}],\"inLanguage\":\"es\"}]}<\/script>\n<meta property=\"product:price:amount\" content=\"45\" \/>\n<meta property=\"product:price:currency\" content=\"USD\" \/>\n<meta property=\"og:availability\" content=\"instock\" \/>\n<meta property=\"product:availability\" content=\"instock\" \/>\n<meta property=\"product:condition\" content=\"new\" \/>\n<!-- \/ Yoast SEO Premium plugin. -->","yoast_head_json":{"title":"Festival de cometas gigantes 1 de noviembre | Tropicana","description":"Descubre la magia de las cometas gigantes en el Festival de Cometas. \u00a1Celebre la antigua tradici\u00f3n mientras las familias recuerdan a sus seres queridos!","robots":{"index":"index","follow":"follow","max-snippet":"max-snippet:-1","max-image-preview":"max-image-preview:large","max-video-preview":"max-video-preview:-1"},"canonical":"https:\/\/tropicanahostel.com\/es\/producto\/festival-de-cometas-gigantes-1-de-noviembre\/","og_locale":"es_ES","og_type":"article","og_title":"Festival de cometas gigantes 1 de noviembre","og_description":"Descubre la magia de las cometas gigantes en el Festival de Cometas. \u00a1Celebre la antigua tradici\u00f3n mientras las familias recuerdan a sus seres queridos!","og_url":"https:\/\/tropicanahostel.com\/es\/producto\/festival-de-cometas-gigantes-1-de-noviembre\/","og_site_name":"Tropicana Hostel and Travel Agency","article_publisher":"https:\/\/www.facebook.com\/tropicanahostel\/","article_modified_time":"2023-11-12T20:48:18+00:00","og_image":[{"width":885,"height":500,"url":"https:\/\/tropicanahostel.com\/wp-content\/uploads\/2022\/10\/WhatsApp-Image-2022-10-06-at-6.03.37-PM.jpeg","type":"image\/jpeg"}],"twitter_card":"summary_large_image","twitter_misc":{"Precio":"&#36;45","Disponibilidad":"Disponible"},"schema":{"@context":"https:\/\/schema.org","@graph":[{"@type":"WebPage","@id":"https:\/\/tropicanahostel.com\/es\/producto\/festival-de-cometas-gigantes-1-de-noviembre\/","url":"https:\/\/tropicanahostel.com\/es\/producto\/festival-de-cometas-gigantes-1-de-noviembre\/","name":"Festival de cometas gigantes 1 de noviembre | Tropicana","isPartOf":{"@id":"https:\/\/tropicanahostel.com\/es\/#website"},"primaryImageOfPage":{"@id":"https:\/\/tropicanahostel.com\/es\/producto\/festival-de-cometas-gigantes-1-de-noviembre\/#primaryimage"},"image":{"@id":"https:\/\/tropicanahostel.com\/es\/producto\/festival-de-cometas-gigantes-1-de-noviembre\/#primaryimage"},"thumbnailUrl":"https:\/\/tropicanahostel.com\/wp-content\/uploads\/2022\/10\/WhatsApp-Image-2022-10-06-at-6.03.37-PM.jpeg","datePublished":"2022-10-06T14:51:33+00:00","dateModified":"2023-11-12T20:48:18+00:00","description":"Descubre la magia de las cometas gigantes en el Festival de Cometas. \u00a1Celebre la antigua tradici\u00f3n mientras las familias recuerdan a sus seres queridos!","breadcrumb":{"@id":"https:\/\/tropicanahostel.com\/es\/producto\/festival-de-cometas-gigantes-1-de-noviembre\/#breadcrumb"},"inLanguage":"es","potentialAction":[{"@type":"ReadAction","target":["https:\/\/tropicanahostel.com\/es\/producto\/festival-de-cometas-gigantes-1-de-noviembre\/"]}]},{"@type":"ImageObject","inLanguage":"es","@id":"https:\/\/tropicanahostel.com\/es\/producto\/festival-de-cometas-gigantes-1-de-noviembre\/#primaryimage","url":"https:\/\/tropicanahostel.com\/wp-content\/uploads\/2022\/10\/WhatsApp-Image-2022-10-06-at-6.03.37-PM.jpeg","contentUrl":"https:\/\/tropicanahostel.com\/wp-content\/uploads\/2022\/10\/WhatsApp-Image-2022-10-06-at-6.03.37-PM.jpeg","width":885,"height":500,"caption":"cometas gigantes"},{"@type":"BreadcrumbList","@id":"https:\/\/tropicanahostel.com\/es\/producto\/festival-de-cometas-gigantes-1-de-noviembre\/#breadcrumb","itemListElement":[{"@type":"ListItem","position":1,"name":"Home","item":"https:\/\/tropicanahostel.com\/es\/"},{"@type":"ListItem","position":2,"name":"Tienda","item":"https:\/\/tropicanahostel.com\/es\/tienda\/"},{"@type":"ListItem","position":3,"name":"Festival de cometas gigantes 1 de noviembre"}]},{"@type":"WebSite","@id":"https:\/\/tropicanahostel.com\/es\/#website","url":"https:\/\/tropicanahostel.com\/es\/","name":"Tropicana Hostel and Travel Agency","description":"Acatenango Tour  - Acatenango Hike - Hostel in Antigua","potentialAction":[{"@type":"SearchAction","target":{"@type":"EntryPoint","urlTemplate":"https:\/\/tropicanahostel.com\/es\/?s={search_term_string}"},"query-input":{"@type":"PropertyValueSpecification","valueRequired":true,"valueName":"search_term_string"}}],"inLanguage":"es"}]},"product_price_amount":"45","product_price_currency":"USD","og_availability":"instock","product_availability":"instock","product_condition":"new"},"jetpack_publicize_connections":[],"jetpack_likes_enabled":true,"jetpack-related-posts":[],"jetpack_sharing_enabled":true,"_links":{"self":[{"href":"https:\/\/tropicanahostel.com\/es\/wp-json\/wp\/v2\/product\/7281","targetHints":{"allow":["GET"]}}],"collection":[{"href":"https:\/\/tropicanahostel.com\/es\/wp-json\/wp\/v2\/product"}],"about":[{"href":"https:\/\/tropicanahostel.com\/es\/wp-json\/wp\/v2\/types\/product"}],"replies":[{"embeddable":true,"href":"https:\/\/tropicanahostel.com\/es\/wp-json\/wp\/v2\/comments?post=7281"}],"wp:featuredmedia":[{"embeddable":true,"href":"https:\/\/tropicanahostel.com\/es\/wp-json\/wp\/v2\/media\/7284"}],"wp:attachment":[{"href":"https:\/\/tropicanahostel.com\/es\/wp-json\/wp\/v2\/media?parent=7281"}],"wp:term":[{"taxonomy":"product_brand","embeddable":true,"href":"https:\/\/tropicanahostel.com\/es\/wp-json\/wp\/v2\/product_brand?post=7281"},{"taxonomy":"product_cat","embeddable":true,"href":"https:\/\/tropicanahostel.com\/es\/wp-json\/wp\/v2\/product_cat?post=7281"},{"taxonomy":"product_tag","embeddable":true,"href":"https:\/\/tropicanahostel.com\/es\/wp-json\/wp\/v2\/product_tag?post=7281"},{"taxonomy":"home-package","embeddable":true,"href":"https:\/\/tropicanahostel.com\/es\/wp-json\/wp\/v2\/home-package?post=7281"},{"taxonomy":"destination","embeddable":true,"href":"https:\/\/tropicanahostel.com\/es\/wp-json\/wp\/v2\/destination?post=7281"}],"curies":[{"name":"wp","href":"https:\/\/api.w.org\/{rel}","templated":true}]}}