{"id":6825,"date":"2022-09-21T11:51:30","date_gmt":"2022-09-21T17:51:30","guid":{"rendered":"https:\/\/tropicanahostel.com\/?post_type=product&#038;p=6825"},"modified":"2023-12-28T18:12:32","modified_gmt":"2023-12-29T00:12:32","slug":"antigua-a-san-pedro-sula","status":"publish","type":"product","link":"https:\/\/tropicanahostel.com\/es\/producto\/antigua-a-san-pedro-sula\/","title":{"rendered":"Antigua a San Pedro Sula"},"content":{"rendered":"<p>Embarca en una experiencia de viaje extraordinaria con los destacados servicios de transporte de Tropicana, conectando de manera fluida la encantadora ciudad de Antigua con el din\u00e1mico destino de San Pedro Sula en Honduras. Nuestro compromiso con la excelencia es evidente en el dise\u00f1o y mantenimiento de nuestras lanzaderas, asegurando un viaje que no solo es c\u00f3modo, sino tambi\u00e9n libre de estr\u00e9s, garantiz\u00e1ndote que llegues a tu destino de manera segura y puntual.<\/p>\n<p>Mientras recorres la ruta pintoresca, perm\u00edtete cautivar por los paisajes imponentes y las ricas maravillas culturales que se despliegan ante ti. Los experimentados conductores de Tropicana, h\u00e1biles en la navegaci\u00f3n del viaje esc\u00e9nico, mejoran tu experiencia de viaje con su experiencia, convirtiendo cada milla en una exploraci\u00f3n de belleza y fascinaci\u00f3n. Ya sea que seas un aventurero solitario, viajes con un grupo de amigos o est\u00e9s de vacaciones familiares, Tropicana ofrece amplios y c\u00f3modos asientos, permiti\u00e9ndote relajarte y saborear cada momento de tu viaje.<\/p>\n<p>Lo que realmente distingue a Tropicana es nuestro compromiso inquebrantable de hacer que el viaje no sea solo una experiencia, sino un lujo asequible. Asegura tu asiento hoy al precio imbatible de <strong>$78 por persona<\/strong>. Este tarifa integral no solo cubre el costo del viaje, sino que tambi\u00e9n garantiza la tranquilidad que viene al elegir un servicio de transporte reconocido por su confiabilidad y reputaci\u00f3n.<\/p>\n<p>No dejes pasar esta oportunidad. Eleva tu experiencia de viaje a nuevas alturas de comodidad, confiabilidad y asequibilidad al reservar tu asiento ahora con el servicio de transporte de Tropicana de Antigua a San Pedro Sula, Honduras. Sum\u00e9rgete en un viaje donde cada detalle est\u00e1 dise\u00f1ado para que tu trayecto no sea solo un medio de transporte, sino una aventura memorable y libre de estr\u00e9s.<\/p>\n","protected":false},"excerpt":{"rendered":"<p>Descubre un viaje sin complicaciones con el servicio de transporte de Tropicana desde Antigua a San Pedro Sula. \u00a1Reserva tu asiento ahora!<\/p>\n","protected":false},"featured_media":6841,"comment_status":"open","ping_status":"closed","template":"","meta":{"_et_pb_use_builder":"","_et_pb_old_content":"","_et_gb_content_width":"","jetpack_post_was_ever_published":false,"jetpack_publicize_message":"","jetpack_publicize_feature_enabled":true,"jetpack_social_post_already_shared":true,"jetpack_social_options":{"image_generator_settings":{"template":"highway","default_image_id":0,"font":"","enabled":false},"version":2}},"product_brand":[],"product_cat":[87,138],"product_tag":[],"home-package":[],"destination":[102,97],"class_list":{"0":"post-6825","1":"product","2":"type-product","3":"status-publish","4":"has-post-thumbnail","6":"product_cat-transporte","7":"product_cat-otros","8":"destination-honduras-es","9":"destination-la-antigua-es","11":"first","12":"instock","13":"virtual","14":"purchasable","15":"product-type-simple"},"exclude_global_add_ons":false,"addons":[{"name":"Vamos a San Pedro Sula!","type":"multiple_choice","position":0,"required":false,"title_format":"label","default":"","description_enable":false,"description":"","placeholder_enable":false,"placeholder":"","display":"select","restrictions_type":"any_text","adjust_price":false,"price":"","price_type":"flat_fee","restrictions":false,"min":"0","max":"0","options":[{"label":"1 persona","price":"","price_type":"flat_fee","image":0,"visibility":true},{"label":"2 personas","price":"78","price_type":"flat_fee","image":0,"visibility":true},{"label":"3 personas","price":"156","price_type":"flat_fee","image":0,"visibility":true},{"label":"4 personas","price":"234","price_type":"flat_fee","image":0,"visibility":true},{"label":"5 personas","price":"312","price_type":"flat_fee","image":0,"visibility":true}]},{"name":"Nombre","type":"custom_text","position":1,"required":false,"title_format":"label","default":"","description_enable":false,"description":"","placeholder_enable":false,"placeholder":"","display":"select","restrictions_type":"any_text","adjust_price":false,"price":"","price_type":"flat_fee","restrictions":false,"min":"0","max":"0","options":[]},{"name":"Punto de recogida en Antigua","type":"custom_text","position":2,"required":false,"title_format":"label","default":"","description_enable":false,"description":"","placeholder_enable":false,"placeholder":"","display":"select","restrictions_type":"any_text","adjust_price":false,"price":"","price_type":"flat_fee","restrictions":false,"min":"0","max":"0","options":[]},{"name":"Hora de salida de Antigua","type":"multiple_choice","position":3,"required":false,"title_format":"label","default":"","description_enable":false,"description":"","placeholder_enable":false,"placeholder":"","display":"select","restrictions_type":"any_text","adjust_price":false,"price":"","price_type":"flat_fee","restrictions":false,"min":"0","max":"0","options":[{"label":"1:00 am martes, jueves y s\u00e1bado","price":"","price_type":"flat_fee","image":0,"visibility":true}]}],"yoast_head":"<!-- This site is optimized with the Yoast SEO Premium plugin v26.1 (Yoast SEO v26.2) - https:\/\/yoast.com\/wordpress\/plugins\/seo\/ -->\n<title>Antigua a San Pedro Sula | Servicios de Transporte<\/title>\n<meta name=\"description\" content=\"Descubre un viaje sin complicaciones con el servicio de transporte de Tropicana desde Antigua a San Pedro Sula. \u00a1Reserva tu asiento ahora!\" \/>\n<meta name=\"robots\" content=\"index, follow, max-snippet:-1, max-image-preview:large, max-video-preview:-1\" \/>\n<link rel=\"canonical\" href=\"https:\/\/tropicanahostel.com\/es\/producto\/antigua-a-san-pedro-sula\/\" \/>\n<meta property=\"og:locale\" content=\"es_ES\" \/>\n<meta property=\"og:type\" content=\"article\" \/>\n<meta property=\"og:title\" content=\"Antigua a San Pedro Sula | Servicios de Transporte Tropicana\" \/>\n<meta property=\"og:description\" content=\"Descubre un viaje sin complicaciones con el servicio de transporte de Tropicana desde Antigua a San Pedro Sula. \u00a1Reserva tu asiento ahora!\" \/>\n<meta property=\"og:url\" content=\"https:\/\/tropicanahostel.com\/es\/producto\/antigua-a-san-pedro-sula\/\" \/>\n<meta property=\"og:site_name\" content=\"Tropicana Hostel and Travel Agency\" \/>\n<meta property=\"article:publisher\" content=\"https:\/\/www.facebook.com\/tropicanahostel\/\" \/>\n<meta property=\"article:modified_time\" content=\"2023-12-29T00:12:32+00:00\" \/>\n<meta property=\"og:image\" content=\"https:\/\/tropicanahostel.com\/wp-content\/uploads\/2022\/09\/sanpedro-sula-scaled.jpg\" \/>\n\t<meta property=\"og:image:width\" content=\"2560\" \/>\n\t<meta property=\"og:image:height\" content=\"1305\" \/>\n\t<meta property=\"og:image:type\" content=\"image\/jpeg\" \/>\n<meta name=\"twitter:card\" content=\"summary_large_image\" \/>\n<meta name=\"twitter:title\" content=\"Antigua a San Pedro Sula | Servicios de Transporte Tropicana\" \/>\n<meta name=\"twitter:description\" content=\"Descubre un viaje sin complicaciones con el servicio de transporte de Tropicana desde Antigua a San Pedro Sula. \u00a1Reserva tu asiento ahora!\" \/>\n<meta name=\"twitter:label1\" content=\"Precio\" \/>\n\t<meta name=\"twitter:data1\" content=\"&#036;78\" \/>\n\t<meta name=\"twitter:label2\" content=\"Disponibilidad\" \/>\n\t<meta name=\"twitter:data2\" content=\"Disponible\" \/>\n<script type=\"application\/ld+json\" class=\"yoast-schema-graph\">{\"@context\":\"https:\/\/schema.org\",\"@graph\":[{\"@type\":\"WebPage\",\"@id\":\"https:\/\/tropicanahostel.com\/es\/producto\/antigua-a-san-pedro-sula\/\",\"url\":\"https:\/\/tropicanahostel.com\/es\/producto\/antigua-a-san-pedro-sula\/\",\"name\":\"Antigua a San Pedro Sula | Servicios de Transporte\",\"isPartOf\":{\"@id\":\"https:\/\/tropicanahostel.com\/es\/#website\"},\"primaryImageOfPage\":{\"@id\":\"https:\/\/tropicanahostel.com\/es\/producto\/antigua-a-san-pedro-sula\/#primaryimage\"},\"image\":{\"@id\":\"https:\/\/tropicanahostel.com\/es\/producto\/antigua-a-san-pedro-sula\/#primaryimage\"},\"thumbnailUrl\":\"https:\/\/tropicanahostel.com\/wp-content\/uploads\/2022\/09\/sanpedro-sula-scaled.jpg\",\"datePublished\":\"2022-09-21T17:51:30+00:00\",\"dateModified\":\"2023-12-29T00:12:32+00:00\",\"description\":\"Descubre un viaje sin complicaciones con el servicio de transporte de Tropicana desde Antigua a San Pedro Sula. \u00a1Reserva tu asiento ahora!\",\"breadcrumb\":{\"@id\":\"https:\/\/tropicanahostel.com\/es\/producto\/antigua-a-san-pedro-sula\/#breadcrumb\"},\"inLanguage\":\"es\",\"potentialAction\":[{\"@type\":\"ReadAction\",\"target\":[\"https:\/\/tropicanahostel.com\/es\/producto\/antigua-a-san-pedro-sula\/\"]}]},{\"@type\":\"ImageObject\",\"inLanguage\":\"es\",\"@id\":\"https:\/\/tropicanahostel.com\/es\/producto\/antigua-a-san-pedro-sula\/#primaryimage\",\"url\":\"https:\/\/tropicanahostel.com\/wp-content\/uploads\/2022\/09\/sanpedro-sula-scaled.jpg\",\"contentUrl\":\"https:\/\/tropicanahostel.com\/wp-content\/uploads\/2022\/09\/sanpedro-sula-scaled.jpg\",\"width\":2560,\"height\":1305,\"caption\":\"Panoramic in The temples of Copan Ruinas. Honduras\"},{\"@type\":\"BreadcrumbList\",\"@id\":\"https:\/\/tropicanahostel.com\/es\/producto\/antigua-a-san-pedro-sula\/#breadcrumb\",\"itemListElement\":[{\"@type\":\"ListItem\",\"position\":1,\"name\":\"Home\",\"item\":\"https:\/\/tropicanahostel.com\/es\/\"},{\"@type\":\"ListItem\",\"position\":2,\"name\":\"Tienda\",\"item\":\"https:\/\/tropicanahostel.com\/es\/tienda\/\"},{\"@type\":\"ListItem\",\"position\":3,\"name\":\"Antigua a San Pedro Sula\"}]},{\"@type\":\"WebSite\",\"@id\":\"https:\/\/tropicanahostel.com\/es\/#website\",\"url\":\"https:\/\/tropicanahostel.com\/es\/\",\"name\":\"Tropicana Hostel and Travel Agency\",\"description\":\"Acatenango Tour  - Acatenango Hike - Hostel in Antigua\",\"potentialAction\":[{\"@type\":\"SearchAction\",\"target\":{\"@type\":\"EntryPoint\",\"urlTemplate\":\"https:\/\/tropicanahostel.com\/es\/?s={search_term_string}\"},\"query-input\":{\"@type\":\"PropertyValueSpecification\",\"valueRequired\":true,\"valueName\":\"search_term_string\"}}],\"inLanguage\":\"es\"}]}<\/script>\n<meta property=\"product:price:amount\" content=\"78\" \/>\n<meta property=\"product:price:currency\" content=\"USD\" \/>\n<meta property=\"og:availability\" content=\"instock\" \/>\n<meta property=\"product:availability\" content=\"instock\" \/>\n<meta property=\"product:condition\" content=\"new\" \/>\n<!-- \/ Yoast SEO Premium plugin. -->","yoast_head_json":{"title":"Antigua a San Pedro Sula | Servicios de Transporte","description":"Descubre un viaje sin complicaciones con el servicio de transporte de Tropicana desde Antigua a San Pedro Sula. \u00a1Reserva tu asiento ahora!","robots":{"index":"index","follow":"follow","max-snippet":"max-snippet:-1","max-image-preview":"max-image-preview:large","max-video-preview":"max-video-preview:-1"},"canonical":"https:\/\/tropicanahostel.com\/es\/producto\/antigua-a-san-pedro-sula\/","og_locale":"es_ES","og_type":"article","og_title":"Antigua a San Pedro Sula | Servicios de Transporte Tropicana","og_description":"Descubre un viaje sin complicaciones con el servicio de transporte de Tropicana desde Antigua a San Pedro Sula. \u00a1Reserva tu asiento ahora!","og_url":"https:\/\/tropicanahostel.com\/es\/producto\/antigua-a-san-pedro-sula\/","og_site_name":"Tropicana Hostel and Travel Agency","article_publisher":"https:\/\/www.facebook.com\/tropicanahostel\/","article_modified_time":"2023-12-29T00:12:32+00:00","og_image":[{"width":2560,"height":1305,"url":"https:\/\/tropicanahostel.com\/wp-content\/uploads\/2022\/09\/sanpedro-sula-scaled.jpg","type":"image\/jpeg"}],"twitter_card":"summary_large_image","twitter_title":"Antigua a San Pedro Sula | Servicios de Transporte Tropicana","twitter_description":"Descubre un viaje sin complicaciones con el servicio de transporte de Tropicana desde Antigua a San Pedro Sula. \u00a1Reserva tu asiento ahora!","twitter_misc":{"Precio":"&#36;78","Disponibilidad":"Disponible"},"schema":{"@context":"https:\/\/schema.org","@graph":[{"@type":"WebPage","@id":"https:\/\/tropicanahostel.com\/es\/producto\/antigua-a-san-pedro-sula\/","url":"https:\/\/tropicanahostel.com\/es\/producto\/antigua-a-san-pedro-sula\/","name":"Antigua a San Pedro Sula | Servicios de Transporte","isPartOf":{"@id":"https:\/\/tropicanahostel.com\/es\/#website"},"primaryImageOfPage":{"@id":"https:\/\/tropicanahostel.com\/es\/producto\/antigua-a-san-pedro-sula\/#primaryimage"},"image":{"@id":"https:\/\/tropicanahostel.com\/es\/producto\/antigua-a-san-pedro-sula\/#primaryimage"},"thumbnailUrl":"https:\/\/tropicanahostel.com\/wp-content\/uploads\/2022\/09\/sanpedro-sula-scaled.jpg","datePublished":"2022-09-21T17:51:30+00:00","dateModified":"2023-12-29T00:12:32+00:00","description":"Descubre un viaje sin complicaciones con el servicio de transporte de Tropicana desde Antigua a San Pedro Sula. \u00a1Reserva tu asiento ahora!","breadcrumb":{"@id":"https:\/\/tropicanahostel.com\/es\/producto\/antigua-a-san-pedro-sula\/#breadcrumb"},"inLanguage":"es","potentialAction":[{"@type":"ReadAction","target":["https:\/\/tropicanahostel.com\/es\/producto\/antigua-a-san-pedro-sula\/"]}]},{"@type":"ImageObject","inLanguage":"es","@id":"https:\/\/tropicanahostel.com\/es\/producto\/antigua-a-san-pedro-sula\/#primaryimage","url":"https:\/\/tropicanahostel.com\/wp-content\/uploads\/2022\/09\/sanpedro-sula-scaled.jpg","contentUrl":"https:\/\/tropicanahostel.com\/wp-content\/uploads\/2022\/09\/sanpedro-sula-scaled.jpg","width":2560,"height":1305,"caption":"Panoramic in The temples of Copan Ruinas. Honduras"},{"@type":"BreadcrumbList","@id":"https:\/\/tropicanahostel.com\/es\/producto\/antigua-a-san-pedro-sula\/#breadcrumb","itemListElement":[{"@type":"ListItem","position":1,"name":"Home","item":"https:\/\/tropicanahostel.com\/es\/"},{"@type":"ListItem","position":2,"name":"Tienda","item":"https:\/\/tropicanahostel.com\/es\/tienda\/"},{"@type":"ListItem","position":3,"name":"Antigua a San Pedro Sula"}]},{"@type":"WebSite","@id":"https:\/\/tropicanahostel.com\/es\/#website","url":"https:\/\/tropicanahostel.com\/es\/","name":"Tropicana Hostel and Travel Agency","description":"Acatenango Tour  - Acatenango Hike - Hostel in Antigua","potentialAction":[{"@type":"SearchAction","target":{"@type":"EntryPoint","urlTemplate":"https:\/\/tropicanahostel.com\/es\/?s={search_term_string}"},"query-input":{"@type":"PropertyValueSpecification","valueRequired":true,"valueName":"search_term_string"}}],"inLanguage":"es"}]},"product_price_amount":"78","product_price_currency":"USD","og_availability":"instock","product_availability":"instock","product_condition":"new"},"jetpack_publicize_connections":[],"jetpack_likes_enabled":true,"jetpack-related-posts":[],"jetpack_sharing_enabled":true,"_links":{"self":[{"href":"https:\/\/tropicanahostel.com\/es\/wp-json\/wp\/v2\/product\/6825","targetHints":{"allow":["GET"]}}],"collection":[{"href":"https:\/\/tropicanahostel.com\/es\/wp-json\/wp\/v2\/product"}],"about":[{"href":"https:\/\/tropicanahostel.com\/es\/wp-json\/wp\/v2\/types\/product"}],"replies":[{"embeddable":true,"href":"https:\/\/tropicanahostel.com\/es\/wp-json\/wp\/v2\/comments?post=6825"}],"wp:featuredmedia":[{"embeddable":true,"href":"https:\/\/tropicanahostel.com\/es\/wp-json\/wp\/v2\/media\/6841"}],"wp:attachment":[{"href":"https:\/\/tropicanahostel.com\/es\/wp-json\/wp\/v2\/media?parent=6825"}],"wp:term":[{"taxonomy":"product_brand","embeddable":true,"href":"https:\/\/tropicanahostel.com\/es\/wp-json\/wp\/v2\/product_brand?post=6825"},{"taxonomy":"product_cat","embeddable":true,"href":"https:\/\/tropicanahostel.com\/es\/wp-json\/wp\/v2\/product_cat?post=6825"},{"taxonomy":"product_tag","embeddable":true,"href":"https:\/\/tropicanahostel.com\/es\/wp-json\/wp\/v2\/product_tag?post=6825"},{"taxonomy":"home-package","embeddable":true,"href":"https:\/\/tropicanahostel.com\/es\/wp-json\/wp\/v2\/home-package?post=6825"},{"taxonomy":"destination","embeddable":true,"href":"https:\/\/tropicanahostel.com\/es\/wp-json\/wp\/v2\/destination?post=6825"}],"curies":[{"name":"wp","href":"https:\/\/api.w.org\/{rel}","templated":true}]}}