{"id":6820,"date":"2022-09-21T10:43:48","date_gmt":"2022-09-21T16:43:48","guid":{"rendered":"https:\/\/tropicanahostel.com\/?post_type=product&#038;p=6820"},"modified":"2024-03-04T12:37:50","modified_gmt":"2024-03-04T18:37:50","slug":"antigua-a-flores-lujo","status":"publish","type":"product","link":"https:\/\/tropicanahostel.com\/es\/producto\/antigua-a-flores-lujo\/","title":{"rendered":"Antigua a Flores (Lujo)"},"content":{"rendered":"<p>Ubicada en el coraz\u00f3n de Guatemala, Flores se erige como un cautivador pueblo isle\u00f1o en el lago Pet\u00e9n Itz\u00e1, ofreciendo una mezcla de encanto hist\u00f3rico y belleza natural. Tropicana te invita a descubrir el encanto de Flores con nuestros pr\u00e1cticos servicios de transporte desde Antigua, asegurando un viaje fluido y c\u00f3modo a esta joya cultural.<\/p>\n<p>Embarca en una aventura pintoresca mientras nuestro servicio de transporte te lleva desde las encantadoras calles de Antigua hasta los paisajes vibrantes que rodean Flores. Con el compromiso de Tropicana con el transporte de calidad, puedes relajarte y disfrutar de la belleza esc\u00e9nica del viaje mientras anticipas las experiencias \u00fanicas que Flores tiene reservadas.<\/p>\n<p>Flores no es solo un destino; es una puerta de entrada a las antiguas maravillas de Tikal y los misterios de la civilizaci\u00f3n maya. Ya sea explorando las calles empedradas, maravill\u00e1ndote con la arquitectura colorida o sumergi\u00e9ndote en la rica historia de la regi\u00f3n, Flores promete una experiencia verdaderamente inmersiva.<\/p>\n<p>Nuestros servicios de transporte ofrecen m\u00e1s que un simple viaje; proporcionan un enlace conveniente entre Antigua y Flores, desbloqueando los tesoros de este encantador pueblo isle\u00f1o. Disfruta de la comodidad, confiabilidad y asequibilidad que garantizan los shuttles de Tropicana, asegurando que tu viaje se convierta en una parte integral de tu aventura en Flores.<\/p>\n<p>Reserva tu shuttle con Tropicana hoy y perm\u00edtenos ser tu socio de confianza en la exploraci\u00f3n de las maravillas de Flores, Guatemala. Sum\u00e9rgete en la cultura \u00fanica, la historia y la belleza natural de esta joya isle\u00f1a y haz que tu viaje sea tan memorable como el destino mismo.<\/p>\n<ul>\n<li style=\"font-weight: 400;\" aria-level=\"1\"><span style=\"font-weight: 400;\">$82 por persona\u00a0<\/span><\/li>\n<li style=\"font-weight: 400;\" aria-level=\"1\"><span style=\"font-weight: 400;\">6 personas en el bus<\/span><\/li>\n<li style=\"font-weight: 400;\" aria-level=\"1\"><span style=\"font-weight: 400;\">Ba\u00f1o<\/span><\/li>\n<li style=\"font-weight: 400;\" aria-level=\"1\"><span style=\"font-weight: 400;\">AC<\/span><\/li>\n<li aria-level=\"1\">Tv<\/li>\n<li style=\"font-weight: 400;\" aria-level=\"1\">Semi cama<\/li>\n<\/ul>\n","protected":false},"excerpt":{"rendered":"<p>Ubicada en el coraz\u00f3n de Guatemala, Flores se erige como un cautivador pueblo isle\u00f1o en el lago Pet\u00e9n Itz\u00e1, ofreciendo una mezcla de encanto hist\u00f3rico y belleza natural. Tropicana te invita a descubrir el encanto de Flores con nuestros pr\u00e1cticos servicios de transporte desde Antigua, asegurando un viaje fluido y c\u00f3modo a esta joya cultural.<br \/><a class=\"moretag\" href=\"https:\/\/tropicanahostel.com\/es\/producto\/antigua-a-flores-lujo\/\">+ M\u00e1s informaci\u00f3n<\/a><\/p>\n","protected":false},"featured_media":7085,"comment_status":"open","ping_status":"closed","template":"","meta":{"_et_pb_use_builder":"","_et_pb_old_content":"","_et_gb_content_width":"","jetpack_post_was_ever_published":false,"jetpack_publicize_message":"","jetpack_publicize_feature_enabled":true,"jetpack_social_post_already_shared":true,"jetpack_social_options":{"image_generator_settings":{"template":"highway","default_image_id":0,"font":"","enabled":false},"version":2}},"product_brand":[],"product_cat":[87,138],"product_tag":[],"home-package":[],"destination":[104,97],"class_list":{"0":"post-6820","1":"product","2":"type-product","3":"status-publish","4":"has-post-thumbnail","6":"product_cat-transporte","7":"product_cat-otros","8":"destination-flores-peten-es","9":"destination-la-antigua-es","11":"first","12":"instock","13":"virtual","14":"purchasable","15":"product-type-simple"},"exclude_global_add_ons":false,"addons":[{"name":"Vamos a Flores!","type":"multiple_choice","position":0,"required":false,"title_format":"label","default":"","description_enable":false,"description":"","placeholder_enable":false,"placeholder":"","display":"select","restrictions_type":"any_text","adjust_price":false,"price":"","price_type":"flat_fee","restrictions":false,"min":"0","max":"0","options":[{"label":"1 persona","price":"","price_type":"flat_fee","image":0,"visibility":true},{"label":"2 personas","price":"82","price_type":"flat_fee","image":0,"visibility":true},{"label":"3 personas","price":"164","price_type":"flat_fee","image":0,"visibility":true},{"label":"4 personas","price":"246","price_type":"flat_fee","image":0,"visibility":true},{"label":"5 personas","price":"328","price_type":"flat_fee","image":0,"visibility":true}]},{"name":"Nombre","type":"custom_text","position":1,"required":false,"title_format":"label","default":"","description_enable":false,"description":"","placeholder_enable":false,"placeholder":"","display":"select","restrictions_type":"any_text","adjust_price":false,"price":"","price_type":"flat_fee","restrictions":false,"min":"0","max":"0","options":[]},{"name":"Punto de recogida en Antigua","type":"custom_text","position":2,"required":false,"title_format":"label","default":"","description_enable":false,"description":"","placeholder_enable":false,"placeholder":"","display":"select","restrictions_type":"any_text","adjust_price":false,"price":"","price_type":"flat_fee","restrictions":false,"min":"0","max":"0","options":[]},{"name":"Hora de salida de Antigua","type":"multiple_choice","position":3,"required":false,"title_format":"label","default":"","description_enable":false,"description":"","placeholder_enable":false,"placeholder":"","display":"select","restrictions_type":"any_text","adjust_price":false,"price":"","price_type":"flat_fee","restrictions":false,"min":"0","max":"0","options":[{"label":"7:00 am","price":"","price_type":"flat_fee","image":0,"visibility":true},{"label":"6:30 pm","price":"","price_type":"flat_fee","image":0,"visibility":true}]}],"yoast_head":"<!-- This site is optimized with the Yoast SEO Premium plugin v26.1 (Yoast SEO v26.2) - https:\/\/yoast.com\/wordpress\/plugins\/seo\/ -->\n<title>Antigua a Flores (Lujo) Servicios de Shuttle | Tropicana<\/title>\n<meta name=\"description\" content=\"Experimenta un viaje de lujo desde Antigua hasta Flores, garantizando un trayecto sin contratiempos hacia tu destino deseado. \u00a1Reserva tu asiento ahora!\" \/>\n<meta name=\"robots\" content=\"index, follow, max-snippet:-1, max-image-preview:large, max-video-preview:-1\" \/>\n<link rel=\"canonical\" href=\"https:\/\/tropicanahostel.com\/es\/producto\/antigua-a-flores-lujo\/\" \/>\n<meta property=\"og:locale\" content=\"es_ES\" \/>\n<meta property=\"og:type\" content=\"article\" \/>\n<meta property=\"og:title\" content=\"Antigua a Flores (Lujo) Servicios de Shuttle | Tropicana\" \/>\n<meta property=\"og:description\" content=\"Experimenta un viaje de lujo desde Antigua hasta Flores, garantizando un trayecto sin contratiempos hacia tu destino deseado. \u00a1Reserva tu asiento ahora!\" \/>\n<meta property=\"og:url\" content=\"https:\/\/tropicanahostel.com\/es\/producto\/antigua-a-flores-lujo\/\" \/>\n<meta property=\"og:site_name\" content=\"Tropicana Hostel and Travel Agency\" \/>\n<meta property=\"article:publisher\" content=\"https:\/\/www.facebook.com\/tropicanahostel\/\" \/>\n<meta property=\"article:modified_time\" content=\"2024-03-04T18:37:50+00:00\" \/>\n<meta property=\"og:image\" content=\"https:\/\/tropicanahostel.com\/wp-content\/uploads\/2022\/09\/WhatsApp-Image-2022-09-29-at-7.53.49-AM.jpeg\" \/>\n\t<meta property=\"og:image:width\" content=\"562\" \/>\n\t<meta property=\"og:image:height\" content=\"951\" \/>\n\t<meta property=\"og:image:type\" content=\"image\/jpeg\" \/>\n<meta name=\"twitter:card\" content=\"summary_large_image\" \/>\n<meta name=\"twitter:title\" content=\"Antigua a Flores (Lujo) Servicios de Shuttle | Tropicana\" \/>\n<meta name=\"twitter:description\" content=\"Experimenta un viaje de lujo desde Antigua hasta Flores, garantizando un trayecto sin contratiempos hacia tu destino deseado. \u00a1Reserva tu asiento ahora!\" \/>\n<meta name=\"twitter:label1\" content=\"Precio\" \/>\n\t<meta name=\"twitter:data1\" content=\"&#036;82\" \/>\n\t<meta name=\"twitter:label2\" content=\"Disponibilidad\" \/>\n\t<meta name=\"twitter:data2\" content=\"Disponible\" \/>\n<script type=\"application\/ld+json\" class=\"yoast-schema-graph\">{\"@context\":\"https:\/\/schema.org\",\"@graph\":[{\"@type\":\"WebPage\",\"@id\":\"https:\/\/tropicanahostel.com\/es\/producto\/antigua-a-flores-lujo\/\",\"url\":\"https:\/\/tropicanahostel.com\/es\/producto\/antigua-a-flores-lujo\/\",\"name\":\"Antigua a Flores (Lujo) Servicios de Shuttle | Tropicana\",\"isPartOf\":{\"@id\":\"https:\/\/tropicanahostel.com\/es\/#website\"},\"primaryImageOfPage\":{\"@id\":\"https:\/\/tropicanahostel.com\/es\/producto\/antigua-a-flores-lujo\/#primaryimage\"},\"image\":{\"@id\":\"https:\/\/tropicanahostel.com\/es\/producto\/antigua-a-flores-lujo\/#primaryimage\"},\"thumbnailUrl\":\"https:\/\/tropicanahostel.com\/wp-content\/uploads\/2022\/09\/WhatsApp-Image-2022-09-29-at-7.53.49-AM.jpeg\",\"datePublished\":\"2022-09-21T16:43:48+00:00\",\"dateModified\":\"2024-03-04T18:37:50+00:00\",\"description\":\"Experimenta un viaje de lujo desde Antigua hasta Flores, garantizando un trayecto sin contratiempos hacia tu destino deseado. \u00a1Reserva tu asiento ahora!\",\"breadcrumb\":{\"@id\":\"https:\/\/tropicanahostel.com\/es\/producto\/antigua-a-flores-lujo\/#breadcrumb\"},\"inLanguage\":\"es\",\"potentialAction\":[{\"@type\":\"ReadAction\",\"target\":[\"https:\/\/tropicanahostel.com\/es\/producto\/antigua-a-flores-lujo\/\"]}]},{\"@type\":\"ImageObject\",\"inLanguage\":\"es\",\"@id\":\"https:\/\/tropicanahostel.com\/es\/producto\/antigua-a-flores-lujo\/#primaryimage\",\"url\":\"https:\/\/tropicanahostel.com\/wp-content\/uploads\/2022\/09\/WhatsApp-Image-2022-09-29-at-7.53.49-AM.jpeg\",\"contentUrl\":\"https:\/\/tropicanahostel.com\/wp-content\/uploads\/2022\/09\/WhatsApp-Image-2022-09-29-at-7.53.49-AM.jpeg\",\"width\":562,\"height\":951,\"caption\":\"Antigua a Flores Lujo\"},{\"@type\":\"BreadcrumbList\",\"@id\":\"https:\/\/tropicanahostel.com\/es\/producto\/antigua-a-flores-lujo\/#breadcrumb\",\"itemListElement\":[{\"@type\":\"ListItem\",\"position\":1,\"name\":\"Home\",\"item\":\"https:\/\/tropicanahostel.com\/es\/\"},{\"@type\":\"ListItem\",\"position\":2,\"name\":\"Tienda\",\"item\":\"https:\/\/tropicanahostel.com\/es\/tienda\/\"},{\"@type\":\"ListItem\",\"position\":3,\"name\":\"Antigua a Flores (Lujo)\"}]},{\"@type\":\"WebSite\",\"@id\":\"https:\/\/tropicanahostel.com\/es\/#website\",\"url\":\"https:\/\/tropicanahostel.com\/es\/\",\"name\":\"Tropicana Hostel and Travel Agency\",\"description\":\"Acatenango Tour  - Acatenango Hike - Hostel in Antigua\",\"potentialAction\":[{\"@type\":\"SearchAction\",\"target\":{\"@type\":\"EntryPoint\",\"urlTemplate\":\"https:\/\/tropicanahostel.com\/es\/?s={search_term_string}\"},\"query-input\":{\"@type\":\"PropertyValueSpecification\",\"valueRequired\":true,\"valueName\":\"search_term_string\"}}],\"inLanguage\":\"es\"}]}<\/script>\n<meta property=\"product:price:amount\" content=\"82\" \/>\n<meta property=\"product:price:currency\" content=\"USD\" \/>\n<meta property=\"og:availability\" content=\"instock\" \/>\n<meta property=\"product:availability\" content=\"instock\" \/>\n<meta property=\"product:condition\" content=\"new\" \/>\n<!-- \/ Yoast SEO Premium plugin. -->","yoast_head_json":{"title":"Antigua a Flores (Lujo) Servicios de Shuttle | Tropicana","description":"Experimenta un viaje de lujo desde Antigua hasta Flores, garantizando un trayecto sin contratiempos hacia tu destino deseado. \u00a1Reserva tu asiento ahora!","robots":{"index":"index","follow":"follow","max-snippet":"max-snippet:-1","max-image-preview":"max-image-preview:large","max-video-preview":"max-video-preview:-1"},"canonical":"https:\/\/tropicanahostel.com\/es\/producto\/antigua-a-flores-lujo\/","og_locale":"es_ES","og_type":"article","og_title":"Antigua a Flores (Lujo) Servicios de Shuttle | Tropicana","og_description":"Experimenta un viaje de lujo desde Antigua hasta Flores, garantizando un trayecto sin contratiempos hacia tu destino deseado. \u00a1Reserva tu asiento ahora!","og_url":"https:\/\/tropicanahostel.com\/es\/producto\/antigua-a-flores-lujo\/","og_site_name":"Tropicana Hostel and Travel Agency","article_publisher":"https:\/\/www.facebook.com\/tropicanahostel\/","article_modified_time":"2024-03-04T18:37:50+00:00","og_image":[{"width":562,"height":951,"url":"https:\/\/tropicanahostel.com\/wp-content\/uploads\/2022\/09\/WhatsApp-Image-2022-09-29-at-7.53.49-AM.jpeg","type":"image\/jpeg"}],"twitter_card":"summary_large_image","twitter_title":"Antigua a Flores (Lujo) Servicios de Shuttle | Tropicana","twitter_description":"Experimenta un viaje de lujo desde Antigua hasta Flores, garantizando un trayecto sin contratiempos hacia tu destino deseado. \u00a1Reserva tu asiento ahora!","twitter_misc":{"Precio":"&#36;82","Disponibilidad":"Disponible"},"schema":{"@context":"https:\/\/schema.org","@graph":[{"@type":"WebPage","@id":"https:\/\/tropicanahostel.com\/es\/producto\/antigua-a-flores-lujo\/","url":"https:\/\/tropicanahostel.com\/es\/producto\/antigua-a-flores-lujo\/","name":"Antigua a Flores (Lujo) Servicios de Shuttle | Tropicana","isPartOf":{"@id":"https:\/\/tropicanahostel.com\/es\/#website"},"primaryImageOfPage":{"@id":"https:\/\/tropicanahostel.com\/es\/producto\/antigua-a-flores-lujo\/#primaryimage"},"image":{"@id":"https:\/\/tropicanahostel.com\/es\/producto\/antigua-a-flores-lujo\/#primaryimage"},"thumbnailUrl":"https:\/\/tropicanahostel.com\/wp-content\/uploads\/2022\/09\/WhatsApp-Image-2022-09-29-at-7.53.49-AM.jpeg","datePublished":"2022-09-21T16:43:48+00:00","dateModified":"2024-03-04T18:37:50+00:00","description":"Experimenta un viaje de lujo desde Antigua hasta Flores, garantizando un trayecto sin contratiempos hacia tu destino deseado. \u00a1Reserva tu asiento ahora!","breadcrumb":{"@id":"https:\/\/tropicanahostel.com\/es\/producto\/antigua-a-flores-lujo\/#breadcrumb"},"inLanguage":"es","potentialAction":[{"@type":"ReadAction","target":["https:\/\/tropicanahostel.com\/es\/producto\/antigua-a-flores-lujo\/"]}]},{"@type":"ImageObject","inLanguage":"es","@id":"https:\/\/tropicanahostel.com\/es\/producto\/antigua-a-flores-lujo\/#primaryimage","url":"https:\/\/tropicanahostel.com\/wp-content\/uploads\/2022\/09\/WhatsApp-Image-2022-09-29-at-7.53.49-AM.jpeg","contentUrl":"https:\/\/tropicanahostel.com\/wp-content\/uploads\/2022\/09\/WhatsApp-Image-2022-09-29-at-7.53.49-AM.jpeg","width":562,"height":951,"caption":"Antigua a Flores Lujo"},{"@type":"BreadcrumbList","@id":"https:\/\/tropicanahostel.com\/es\/producto\/antigua-a-flores-lujo\/#breadcrumb","itemListElement":[{"@type":"ListItem","position":1,"name":"Home","item":"https:\/\/tropicanahostel.com\/es\/"},{"@type":"ListItem","position":2,"name":"Tienda","item":"https:\/\/tropicanahostel.com\/es\/tienda\/"},{"@type":"ListItem","position":3,"name":"Antigua a Flores (Lujo)"}]},{"@type":"WebSite","@id":"https:\/\/tropicanahostel.com\/es\/#website","url":"https:\/\/tropicanahostel.com\/es\/","name":"Tropicana Hostel and Travel Agency","description":"Acatenango Tour  - Acatenango Hike - Hostel in Antigua","potentialAction":[{"@type":"SearchAction","target":{"@type":"EntryPoint","urlTemplate":"https:\/\/tropicanahostel.com\/es\/?s={search_term_string}"},"query-input":{"@type":"PropertyValueSpecification","valueRequired":true,"valueName":"search_term_string"}}],"inLanguage":"es"}]},"product_price_amount":"82","product_price_currency":"USD","og_availability":"instock","product_availability":"instock","product_condition":"new"},"jetpack_publicize_connections":[],"jetpack_likes_enabled":true,"jetpack-related-posts":[],"jetpack_sharing_enabled":true,"_links":{"self":[{"href":"https:\/\/tropicanahostel.com\/es\/wp-json\/wp\/v2\/product\/6820","targetHints":{"allow":["GET"]}}],"collection":[{"href":"https:\/\/tropicanahostel.com\/es\/wp-json\/wp\/v2\/product"}],"about":[{"href":"https:\/\/tropicanahostel.com\/es\/wp-json\/wp\/v2\/types\/product"}],"replies":[{"embeddable":true,"href":"https:\/\/tropicanahostel.com\/es\/wp-json\/wp\/v2\/comments?post=6820"}],"wp:featuredmedia":[{"embeddable":true,"href":"https:\/\/tropicanahostel.com\/es\/wp-json\/wp\/v2\/media\/7085"}],"wp:attachment":[{"href":"https:\/\/tropicanahostel.com\/es\/wp-json\/wp\/v2\/media?parent=6820"}],"wp:term":[{"taxonomy":"product_brand","embeddable":true,"href":"https:\/\/tropicanahostel.com\/es\/wp-json\/wp\/v2\/product_brand?post=6820"},{"taxonomy":"product_cat","embeddable":true,"href":"https:\/\/tropicanahostel.com\/es\/wp-json\/wp\/v2\/product_cat?post=6820"},{"taxonomy":"product_tag","embeddable":true,"href":"https:\/\/tropicanahostel.com\/es\/wp-json\/wp\/v2\/product_tag?post=6820"},{"taxonomy":"home-package","embeddable":true,"href":"https:\/\/tropicanahostel.com\/es\/wp-json\/wp\/v2\/home-package?post=6820"},{"taxonomy":"destination","embeddable":true,"href":"https:\/\/tropicanahostel.com\/es\/wp-json\/wp\/v2\/destination?post=6820"}],"curies":[{"name":"wp","href":"https:\/\/api.w.org\/{rel}","templated":true}]}}