{"id":20996,"date":"2024-10-25T14:54:56","date_gmt":"2024-10-25T20:54:56","guid":{"rendered":"https:\/\/tropicanahostel.com\/?post_type=product&#038;p=20996"},"modified":"2026-04-18T15:21:16","modified_gmt":"2026-04-18T21:21:16","slug":"caminata-al-volcan-acatenango-flash-packer","status":"publish","type":"product","link":"https:\/\/tropicanahostel.com\/es\/producto\/caminata-al-volcan-acatenango-flash-packer\/","title":{"rendered":"Caminata al Volc\u00e1n Acatenango &#8211; Flash Packer"},"content":{"rendered":"<h2><strong>Todos son bienvenidos a unirse a la caminata, incluso si no se hospedan con nosotros \ud83d\ude42<\/strong> \u00a1Camina el Volc\u00e1n de Acatenango con nosotros!<\/h2>\n<p>Para muchas personas, esta caminata se considera secundaria a las calles empedradas de Antigua, pero para nosotros es IMPRESCINDIBLE para cualquiera que pase por all\u00ed. Este promete ser uno de los mejores tours que hagas en tu viaje. Esta caminata desafiante pero hermosa lo lleva a uno de los volcanes m\u00e1s altos de Guatemala, donde acampar\u00e1 a casi 4,000 m con una vista espectacular del muy activo Volc\u00e1n Fuego. Trabajamos con la comunidad local, contamos con 14 incre\u00edbles gu\u00edas que est\u00e1n certificados por INGUAT (Oficina Local de Turismo en Guatemala) Al hacer la caminata con nosotros est\u00e1s contribuyendo al desarrollo de La Soledad ya que la caminata es la principal fuente de ingresos para un muchas familias en esta \u00e1rea.<\/p>\n<h2>Nuestro tour incluye:<\/h2>\n<table class=\"ecwid-description-table\">\n<tbody>\n<tr>\n<td>Equipamiento (Cabina, saco de dormir, colchoneta) <strong>MANTA &#8211; ALMOHADAS &#8211; CAMAROTES COMPARTIDOS<\/strong><\/td>\n<\/tr>\n<tr>\n<td>Gu\u00edas (todos nuestros gu\u00edas son locales, estamos muy orgullosos de trabajar con ellos y ayudar a la comunidad de La Soledad, ya que la caminata es una gran fuente de ingresos para ellos)<\/td>\n<\/tr>\n<tr>\n<td>Desayuno antes de partir (Panqueques, un huevo cocido y fruta).<\/td>\n<\/tr>\n<tr>\n<td>Almuerzo Burrito de pollo con vegetales &#8211; Jugo y brownie. (Opciones veganas, sin gluten, intolerantes a la lactosa disponibles)<\/td>\n<\/tr>\n<tr>\n<td>3 comidas vegetarianas (tenemos men\u00fas especiales para cualquier restricci\u00f3n alimenticia) \/ Cocinamos cena caliente para el grupo en la cima del volc\u00e1n, por lo que los invitados suelen disfrutar de un plato de fideos con verduras y sopa de fideos con pollo.<\/td>\n<\/tr>\n<tr>\n<td>Caf\u00e9, t\u00e9 y chocolate caliente. Malvaviscos para asar en la fogata<\/td>\n<\/tr>\n<tr>\n<td>4 litros de agua pura.<\/td>\n<\/tr>\n<tr>\n<td>Transporte desde y hacia el fondo del volc\u00e1n.<\/td>\n<\/tr>\n<tr>\n<td>Descuento en alojamiento para las siguientes noches* (no disponible en temporada baja)<\/td>\n<\/tr>\n<tr>\n<td>Almacenamiento gratuito en el albergue para objetos de valor y cualquier cosa que no quieras llevar cuesta arriba. <strong>Por Favor <\/strong><strong>\u00a0tomar en cuenta que los lockers son comunales no individuales.<\/strong><\/td>\n<\/tr>\n<tr>\n<td>Utilice las instalaciones despu\u00e9s de la caminata, ducha y toalla gratis sin costo adicional.<\/td>\n<\/tr>\n<tr>\n<td><strong>Entrada incluida<\/strong><\/td>\n<\/tr>\n<\/tbody>\n<\/table>\n<h2>Cosas que tienes que llevar<\/h2>\n<table class=\"ecwid-description-table\">\n<tbody>\n<tr>\n<td style=\"text-align: justify\">Ropa abrigada (disponemos de camperas, guantes y gorros para alquilar en el albergue) \/ la temperatura por la noche es de 2 a 5 grados cent\u00edgrados.<\/td>\n<\/tr>\n<tr>\n<td style=\"text-align: justify\">INCLUIDO: \u00a0Chumpa &#8211; Gorro y Guantes<\/td>\n<\/tr>\n<tr>\n<td style=\"text-align: justify\">Bocadillos extra, algunas nueces o chocolate para energ\u00eda extra.<\/td>\n<\/tr>\n<tr>\n<td style=\"text-align: justify\">Linterna para la caminata matutina al cr\u00e1ter.<\/td>\n<\/tr>\n<tr>\n<td style=\"text-align: justify\">Mochila mediana (las tenemos de alquiler en el albergue).<\/td>\n<\/tr>\n<\/tbody>\n<\/table>\n<p>&nbsp;<\/p>\n","protected":false},"excerpt":{"rendered":"<div class=\"flex-shrink-0 flex flex-col relative items-end\">\n<div class=\"pt-0\">\n<div class=\"gizmo-bot-avatar flex h-8 w-8 items-center justify-center overflow-hidden rounded-full\">\n<div class=\"relative p-1 rounded-sm flex items-center justify-center bg-token-main-surface-primary text-token-text-primary h-8 w-8\">Esta hermosa y desafiante caminata te lleva a uno de los volcanes m\u00e1s altos de Guatemala, donde acampar\u00e1s a casi 4,000 metros, disfrutando de una vista impresionante del activo Volc\u00e1n Fuego.<\/div>\n<\/div>\n<\/div>\n<\/div>\n","protected":false},"featured_media":12262,"comment_status":"open","ping_status":"closed","template":"","meta":{"_et_pb_use_builder":"","_et_pb_old_content":"","_et_gb_content_width":"","jetpack_post_was_ever_published":false,"jetpack_publicize_message":"","jetpack_publicize_feature_enabled":true,"jetpack_social_post_already_shared":true,"jetpack_social_options":{"image_generator_settings":{"template":"highway","default_image_id":0,"font":"","enabled":false},"version":2}},"product_brand":[],"product_cat":[91,132],"product_tag":[],"home-package":[109],"destination":[],"class_list":{"0":"post-20996","1":"product","2":"type-product","3":"status-publish","4":"has-post-thumbnail","6":"product_cat-grupo-especial","7":"product_cat-volcan-acatenango-es","8":"home-package-tours-es","10":"first","11":"instock","12":"featured","13":"virtual","14":"purchasable","15":"product-type-simple"},"exclude_global_add_ons":false,"addons":[{"name":"N\u00famero de personas","type":"multiple_choice","position":0,"required":true,"title_format":"label","default":"","description_enable":false,"description":"","placeholder_enable":false,"placeholder":"","display":"select","restrictions_type":"any_text","adjust_price":false,"price":"","price_type":"flat_fee","restrictions":false,"min":"0","max":"0","options":[{"label":"1 persona","price":"","price_type":"flat_fee","image":0,"visibility":true},{"label":"2 personas","price":"99","price_type":"flat_fee","image":0,"visibility":true},{"label":"3 personas","price":"198","price_type":"flat_fee","image":0,"visibility":true},{"label":"4 personas","price":"297","price_type":"flat_fee","image":0,"visibility":true},{"label":"5 personas","price":"396","price_type":"flat_fee","image":0,"visibility":true},{"label":"6 personas","price":"495","price_type":"flat_fee","image":0,"visibility":true},{"label":"7 personas","price":"594","price_type":"flat_fee","image":0,"visibility":true},{"label":"8 personas","price":"693","price_type":"flat_fee","image":0,"visibility":true}],"id":1776525676},{"name":"Requisitos de alimentos","type":"multiple_choice","position":1,"required":true,"title_format":"label","default":"","description_enable":false,"description":"","placeholder_enable":false,"placeholder":"","display":"select","restrictions_type":"any_text","adjust_price":false,"price":"","price_type":"flat_fee","restrictions":false,"min":"0","max":"0","options":[{"label":"Sin restricciones de alimentos","price":"","price_type":"flat_fee","image":0,"visibility":true},{"label":"Vegetariano","price":"","price_type":"flat_fee","image":0,"visibility":true},{"label":"Vegano","price":"","price_type":"flat_fee","image":0,"visibility":true},{"label":"Sin gluten","price":"","price_type":"flat_fee","image":0,"visibility":true},{"label":"Sin lactosa","price":"","price_type":"flat_fee","image":0,"visibility":true}],"id":1776525677},{"name":"\u00bfRestricciones alimentarias?","type":"custom_textarea","position":2,"required":false,"title_format":"label","default":"","description_enable":true,"description":"Especifique el tipo y para cu\u00e1ntos.","placeholder_enable":false,"placeholder":"","display":"select","restrictions_type":"any_text","adjust_price":false,"price":"","price_type":"flat_fee","restrictions":false,"min":"0","max":"0","options":[],"id":1776525678},{"name":"Transporte al aeropuerto","type":"heading","position":3,"required":false,"title_format":"hide","default":"","description_enable":false,"description":"","placeholder_enable":false,"placeholder":"","display":"select","restrictions_type":"any_text","adjust_price":false,"price":"","price_type":"flat_fee","restrictions":false,"min":"0","max":"0","options":[],"id":1776525679},{"name":"Transporte al aeropuerto","type":"multiple_choice","position":4,"required":true,"title_format":"label","default":"","description_enable":false,"description":"","placeholder_enable":false,"placeholder":"","display":"select","restrictions_type":"any_text","adjust_price":false,"price":"","price_type":"flat_fee","restrictions":false,"min":"0","max":"0","options":[{"label":"No, gracias","price":"","price_type":"flat_fee","image":0,"visibility":true},{"label":"Transporte privado para 1 persona","price":"52","price_type":"flat_fee","image":0,"visibility":true},{"label":"Transporte privado para 2 personas","price":"52","price_type":"flat_fee","image":0,"visibility":true},{"label":"Transporte privado para 3 personas","price":"64","price_type":"flat_fee","image":0,"visibility":true},{"label":"Transporte privado para 4 personas","price":"70","price_type":"flat_fee","image":0,"visibility":true}],"id":1776525680},{"name":"Para el servicio de enlace con el aeropuerto, especifique los detalles del vuelo","type":"custom_text","position":5,"required":false,"title_format":"label","default":"","description_enable":false,"description":"","placeholder_enable":false,"placeholder":"","display":"select","restrictions_type":"any_text","adjust_price":false,"price":"","price_type":"flat_fee","restrictions":false,"min":"0","max":"0","options":[],"id":1776525681},{"name":"Para el servicio de enlace con el aeropuerto, especifique la direcci\u00f3n de entrega","type":"custom_text","position":6,"required":false,"title_format":"label","default":"","description_enable":false,"description":"","placeholder_enable":false,"placeholder":"","display":"select","restrictions_type":"any_text","adjust_price":false,"price":"","price_type":"flat_fee","restrictions":false,"min":"0","max":"0","options":[],"id":1776525682},{"name":"Servicio de Porter - 10kg Max - Una via","type":"multiple_choice","position":7,"required":true,"title_format":"label","default":"","description_enable":false,"description":"","placeholder_enable":false,"placeholder":"","display":"select","restrictions_type":"any_text","adjust_price":false,"price":"","price_type":"flat_fee","restrictions":false,"min":"0","max":"0","options":[{"label":"Si gracias","price":"35","price_type":"flat_fee","image":0,"visibility":true},{"label":"No gracias","price":"","price_type":"flat_fee","image":0,"visibility":true}],"id":1776525683}],"yoast_head":"<!-- This site is optimized with the Yoast SEO Premium plugin v26.1 (Yoast SEO v26.2) - https:\/\/yoast.com\/wordpress\/plugins\/seo\/ -->\n<title>Caminata al Volc\u00e1n Acatenango - Flash Packer | Tropicana<\/title>\n<meta name=\"description\" content=\"Desata al aventurero que llevas dentro en nuestra caminata al Volc\u00e1n de Acatenango - Flash Packer. \u00a1Disfruta de la vista del volc\u00e1n Fuego!\" \/>\n<meta name=\"robots\" content=\"index, follow, max-snippet:-1, max-image-preview:large, max-video-preview:-1\" \/>\n<link rel=\"canonical\" href=\"https:\/\/tropicanahostel.com\/es\/producto\/caminata-al-volcan-acatenango-flash-packer\/\" \/>\n<meta property=\"og:locale\" content=\"es_ES\" \/>\n<meta property=\"og:type\" content=\"article\" \/>\n<meta property=\"og:title\" content=\"Caminata al Volc\u00e1n Acatenango | Tropicana\" \/>\n<meta property=\"og:description\" content=\"Desata al aventurero que llevas dentro en nuestra caminata al volc\u00e1n Acatenango. \u00a1Contempla el volc\u00e1n Fuego erupcionando lava bajo el cielo nocturno!\" \/>\n<meta property=\"og:url\" content=\"https:\/\/tropicanahostel.com\/es\/producto\/caminata-al-volcan-acatenango-flash-packer\/\" \/>\n<meta property=\"og:site_name\" content=\"Tropicana Hostel and Travel Agency\" \/>\n<meta property=\"article:publisher\" content=\"https:\/\/www.facebook.com\/tropicanahostel\/\" \/>\n<meta property=\"article:modified_time\" content=\"2026-04-18T21:21:16+00:00\" \/>\n<meta property=\"og:image\" content=\"https:\/\/tropicanahostel.com\/wp-content\/uploads\/2023\/09\/alain-bonnardeaux-tLxGw_ITs7k-unsplash-e1695182617230.jpg\" \/>\n\t<meta property=\"og:image:width\" content=\"2500\" \/>\n\t<meta property=\"og:image:height\" content=\"2000\" \/>\n\t<meta property=\"og:image:type\" content=\"image\/jpeg\" \/>\n<meta name=\"twitter:card\" content=\"summary_large_image\" \/>\n<meta name=\"twitter:title\" content=\"Caminata al Volc\u00e1n Acatenango | Tropicana\" \/>\n<meta name=\"twitter:description\" content=\"Desata al aventurero que llevas dentro en nuestra caminata al volc\u00e1n Acatenango. \u00a1Contempla el volc\u00e1n Fuego erupcionando lava bajo el cielo nocturno!\" \/>\n<meta name=\"twitter:label1\" content=\"Precio\" \/>\n\t<meta name=\"twitter:data1\" content=\"&#036;100\" \/>\n\t<meta name=\"twitter:label2\" content=\"Disponibilidad\" \/>\n\t<meta name=\"twitter:data2\" content=\"Disponible\" \/>\n<script type=\"application\/ld+json\" class=\"yoast-schema-graph\">{\"@context\":\"https:\/\/schema.org\",\"@graph\":[{\"@type\":\"WebPage\",\"@id\":\"https:\/\/tropicanahostel.com\/es\/producto\/caminata-al-volcan-acatenango-flash-packer\/\",\"url\":\"https:\/\/tropicanahostel.com\/es\/producto\/caminata-al-volcan-acatenango-flash-packer\/\",\"name\":\"Caminata al Volc\u00e1n Acatenango - Flash Packer | Tropicana\",\"isPartOf\":{\"@id\":\"https:\/\/tropicanahostel.com\/es\/#website\"},\"primaryImageOfPage\":{\"@id\":\"https:\/\/tropicanahostel.com\/es\/producto\/caminata-al-volcan-acatenango-flash-packer\/#primaryimage\"},\"image\":{\"@id\":\"https:\/\/tropicanahostel.com\/es\/producto\/caminata-al-volcan-acatenango-flash-packer\/#primaryimage\"},\"thumbnailUrl\":\"https:\/\/tropicanahostel.com\/wp-content\/uploads\/2023\/09\/alain-bonnardeaux-tLxGw_ITs7k-unsplash-e1695182617230.jpg\",\"datePublished\":\"2024-10-25T20:54:56+00:00\",\"dateModified\":\"2026-04-18T21:21:16+00:00\",\"description\":\"Desata al aventurero que llevas dentro en nuestra caminata al Volc\u00e1n de Acatenango - Flash Packer. \u00a1Disfruta de la vista del volc\u00e1n Fuego!\",\"breadcrumb\":{\"@id\":\"https:\/\/tropicanahostel.com\/es\/producto\/caminata-al-volcan-acatenango-flash-packer\/#breadcrumb\"},\"inLanguage\":\"es\",\"potentialAction\":[{\"@type\":\"ReadAction\",\"target\":[\"https:\/\/tropicanahostel.com\/es\/producto\/caminata-al-volcan-acatenango-flash-packer\/\"]}]},{\"@type\":\"ImageObject\",\"inLanguage\":\"es\",\"@id\":\"https:\/\/tropicanahostel.com\/es\/producto\/caminata-al-volcan-acatenango-flash-packer\/#primaryimage\",\"url\":\"https:\/\/tropicanahostel.com\/wp-content\/uploads\/2023\/09\/alain-bonnardeaux-tLxGw_ITs7k-unsplash-e1695182617230.jpg\",\"contentUrl\":\"https:\/\/tropicanahostel.com\/wp-content\/uploads\/2023\/09\/alain-bonnardeaux-tLxGw_ITs7k-unsplash-e1695182617230.jpg\",\"width\":2500,\"height\":2000,\"caption\":\"volc\u00e1n de fuego\"},{\"@type\":\"BreadcrumbList\",\"@id\":\"https:\/\/tropicanahostel.com\/es\/producto\/caminata-al-volcan-acatenango-flash-packer\/#breadcrumb\",\"itemListElement\":[{\"@type\":\"ListItem\",\"position\":1,\"name\":\"Home\",\"item\":\"https:\/\/tropicanahostel.com\/es\/\"},{\"@type\":\"ListItem\",\"position\":2,\"name\":\"Tienda\",\"item\":\"https:\/\/tropicanahostel.com\/es\/tienda\/\"},{\"@type\":\"ListItem\",\"position\":3,\"name\":\"Caminata al Volc\u00e1n Acatenango &#8211; Flash Packer\"}]},{\"@type\":\"WebSite\",\"@id\":\"https:\/\/tropicanahostel.com\/es\/#website\",\"url\":\"https:\/\/tropicanahostel.com\/es\/\",\"name\":\"Tropicana Hostel and Travel Agency\",\"description\":\"Acatenango Tour  - Acatenango Hike - Hostel in Antigua\",\"potentialAction\":[{\"@type\":\"SearchAction\",\"target\":{\"@type\":\"EntryPoint\",\"urlTemplate\":\"https:\/\/tropicanahostel.com\/es\/?s={search_term_string}\"},\"query-input\":{\"@type\":\"PropertyValueSpecification\",\"valueRequired\":true,\"valueName\":\"search_term_string\"}}],\"inLanguage\":\"es\"}]}<\/script>\n<meta property=\"product:price:amount\" content=\"100\" \/>\n<meta property=\"product:price:currency\" content=\"USD\" \/>\n<meta property=\"og:availability\" content=\"instock\" \/>\n<meta property=\"product:availability\" content=\"instock\" \/>\n<meta property=\"product:condition\" content=\"new\" \/>\n<!-- \/ Yoast SEO Premium plugin. -->","yoast_head_json":{"title":"Caminata al Volc\u00e1n Acatenango - Flash Packer | Tropicana","description":"Desata al aventurero que llevas dentro en nuestra caminata al Volc\u00e1n de Acatenango - Flash Packer. \u00a1Disfruta de la vista del volc\u00e1n Fuego!","robots":{"index":"index","follow":"follow","max-snippet":"max-snippet:-1","max-image-preview":"max-image-preview:large","max-video-preview":"max-video-preview:-1"},"canonical":"https:\/\/tropicanahostel.com\/es\/producto\/caminata-al-volcan-acatenango-flash-packer\/","og_locale":"es_ES","og_type":"article","og_title":"Caminata al Volc\u00e1n Acatenango | Tropicana","og_description":"Desata al aventurero que llevas dentro en nuestra caminata al volc\u00e1n Acatenango. \u00a1Contempla el volc\u00e1n Fuego erupcionando lava bajo el cielo nocturno!","og_url":"https:\/\/tropicanahostel.com\/es\/producto\/caminata-al-volcan-acatenango-flash-packer\/","og_site_name":"Tropicana Hostel and Travel Agency","article_publisher":"https:\/\/www.facebook.com\/tropicanahostel\/","article_modified_time":"2026-04-18T21:21:16+00:00","og_image":[{"width":2500,"height":2000,"url":"https:\/\/tropicanahostel.com\/wp-content\/uploads\/2023\/09\/alain-bonnardeaux-tLxGw_ITs7k-unsplash-e1695182617230.jpg","type":"image\/jpeg"}],"twitter_card":"summary_large_image","twitter_title":"Caminata al Volc\u00e1n Acatenango | Tropicana","twitter_description":"Desata al aventurero que llevas dentro en nuestra caminata al volc\u00e1n Acatenango. \u00a1Contempla el volc\u00e1n Fuego erupcionando lava bajo el cielo nocturno!","twitter_misc":{"Precio":"&#36;100","Disponibilidad":"Disponible"},"schema":{"@context":"https:\/\/schema.org","@graph":[{"@type":"WebPage","@id":"https:\/\/tropicanahostel.com\/es\/producto\/caminata-al-volcan-acatenango-flash-packer\/","url":"https:\/\/tropicanahostel.com\/es\/producto\/caminata-al-volcan-acatenango-flash-packer\/","name":"Caminata al Volc\u00e1n Acatenango - Flash Packer | Tropicana","isPartOf":{"@id":"https:\/\/tropicanahostel.com\/es\/#website"},"primaryImageOfPage":{"@id":"https:\/\/tropicanahostel.com\/es\/producto\/caminata-al-volcan-acatenango-flash-packer\/#primaryimage"},"image":{"@id":"https:\/\/tropicanahostel.com\/es\/producto\/caminata-al-volcan-acatenango-flash-packer\/#primaryimage"},"thumbnailUrl":"https:\/\/tropicanahostel.com\/wp-content\/uploads\/2023\/09\/alain-bonnardeaux-tLxGw_ITs7k-unsplash-e1695182617230.jpg","datePublished":"2024-10-25T20:54:56+00:00","dateModified":"2026-04-18T21:21:16+00:00","description":"Desata al aventurero que llevas dentro en nuestra caminata al Volc\u00e1n de Acatenango - Flash Packer. \u00a1Disfruta de la vista del volc\u00e1n Fuego!","breadcrumb":{"@id":"https:\/\/tropicanahostel.com\/es\/producto\/caminata-al-volcan-acatenango-flash-packer\/#breadcrumb"},"inLanguage":"es","potentialAction":[{"@type":"ReadAction","target":["https:\/\/tropicanahostel.com\/es\/producto\/caminata-al-volcan-acatenango-flash-packer\/"]}]},{"@type":"ImageObject","inLanguage":"es","@id":"https:\/\/tropicanahostel.com\/es\/producto\/caminata-al-volcan-acatenango-flash-packer\/#primaryimage","url":"https:\/\/tropicanahostel.com\/wp-content\/uploads\/2023\/09\/alain-bonnardeaux-tLxGw_ITs7k-unsplash-e1695182617230.jpg","contentUrl":"https:\/\/tropicanahostel.com\/wp-content\/uploads\/2023\/09\/alain-bonnardeaux-tLxGw_ITs7k-unsplash-e1695182617230.jpg","width":2500,"height":2000,"caption":"volc\u00e1n de fuego"},{"@type":"BreadcrumbList","@id":"https:\/\/tropicanahostel.com\/es\/producto\/caminata-al-volcan-acatenango-flash-packer\/#breadcrumb","itemListElement":[{"@type":"ListItem","position":1,"name":"Home","item":"https:\/\/tropicanahostel.com\/es\/"},{"@type":"ListItem","position":2,"name":"Tienda","item":"https:\/\/tropicanahostel.com\/es\/tienda\/"},{"@type":"ListItem","position":3,"name":"Caminata al Volc\u00e1n Acatenango &#8211; Flash Packer"}]},{"@type":"WebSite","@id":"https:\/\/tropicanahostel.com\/es\/#website","url":"https:\/\/tropicanahostel.com\/es\/","name":"Tropicana Hostel and Travel Agency","description":"Acatenango Tour  - Acatenango Hike - Hostel in Antigua","potentialAction":[{"@type":"SearchAction","target":{"@type":"EntryPoint","urlTemplate":"https:\/\/tropicanahostel.com\/es\/?s={search_term_string}"},"query-input":{"@type":"PropertyValueSpecification","valueRequired":true,"valueName":"search_term_string"}}],"inLanguage":"es"}]},"product_price_amount":"100","product_price_currency":"USD","og_availability":"instock","product_availability":"instock","product_condition":"new"},"jetpack_publicize_connections":[],"jetpack_likes_enabled":true,"jetpack-related-posts":[],"jetpack_sharing_enabled":true,"_links":{"self":[{"href":"https:\/\/tropicanahostel.com\/es\/wp-json\/wp\/v2\/product\/20996","targetHints":{"allow":["GET"]}}],"collection":[{"href":"https:\/\/tropicanahostel.com\/es\/wp-json\/wp\/v2\/product"}],"about":[{"href":"https:\/\/tropicanahostel.com\/es\/wp-json\/wp\/v2\/types\/product"}],"replies":[{"embeddable":true,"href":"https:\/\/tropicanahostel.com\/es\/wp-json\/wp\/v2\/comments?post=20996"}],"wp:featuredmedia":[{"embeddable":true,"href":"https:\/\/tropicanahostel.com\/es\/wp-json\/wp\/v2\/media\/12262"}],"wp:attachment":[{"href":"https:\/\/tropicanahostel.com\/es\/wp-json\/wp\/v2\/media?parent=20996"}],"wp:term":[{"taxonomy":"product_brand","embeddable":true,"href":"https:\/\/tropicanahostel.com\/es\/wp-json\/wp\/v2\/product_brand?post=20996"},{"taxonomy":"product_cat","embeddable":true,"href":"https:\/\/tropicanahostel.com\/es\/wp-json\/wp\/v2\/product_cat?post=20996"},{"taxonomy":"product_tag","embeddable":true,"href":"https:\/\/tropicanahostel.com\/es\/wp-json\/wp\/v2\/product_tag?post=20996"},{"taxonomy":"home-package","embeddable":true,"href":"https:\/\/tropicanahostel.com\/es\/wp-json\/wp\/v2\/home-package?post=20996"},{"taxonomy":"destination","embeddable":true,"href":"https:\/\/tropicanahostel.com\/es\/wp-json\/wp\/v2\/destination?post=20996"}],"curies":[{"name":"wp","href":"https:\/\/api.w.org\/{rel}","templated":true}]}}