{"id":6640,"date":"2018-10-10T11:12:11","date_gmt":"2018-10-10T17:12:11","guid":{"rendered":"https:\/\/tropicanahostel.com\/?page_id=6640"},"modified":"2023-12-06T16:02:12","modified_gmt":"2023-12-06T22:02:12","slug":"contactanos","status":"publish","type":"page","link":"https:\/\/tropicanahostel.com\/es\/contactanos\/","title":{"rendered":"Cont\u00e1ctanos"},"content":{"rendered":"<h1 style=\"text-align: center;\"><strong>Cont\u00e1ctanos<\/strong><\/h1>\r\n<p>No dudes en ponerte en contacto con nosotros para obtener informaci\u00f3n sobre nuestra mundialmente reconocida excursi\u00f3n al volc\u00e1n Acatenango y explorar las pr\u00e1cticas opciones de transporte en autob\u00fas que ofrecemos. En Tropicana, nos enorgullece brindar servicios de viaje excepcionales que satisfacen el esp\u00edritu aventurero de nuestra clientela.<\/p>\r\n<p>Embarca en un viaje inolvidable mientras asciendes al majestuoso volc\u00e1n Acatenango, rodeado de paisajes impresionantes y vistas panor\u00e1micas. Nuestros experimentados gu\u00edas garantizan una experiencia segura y enriquecedora, compartiendo conocimientos sobre las maravillas geol\u00f3gicas y la importancia cultural de este destino extraordinario.<\/p>\r\n<p>Para aquellos que buscan soluciones de transporte sin problemas y c\u00f3modas, nuestros servicios de transporte en autob\u00fas van m\u00e1s all\u00e1 de lo com\u00fan. Con\u00e9ctate con nosotros para descubrir la diversidad de destinos que cubrimos.<\/p>\r\n<p>Ponerte en contacto con nosotros es f\u00e1cil, y nuestro equipo dedicado est\u00e1 listo para ayudarte con cualquier pregunta o solicitud especial que puedas tener. Ya sea que est\u00e9s planeando una aventura en solitario, una escapada familiar o una excursi\u00f3n en grupo, Tropicana se asegura de que cada detalle est\u00e9 cuidado, permiti\u00e9ndote concentrarte en crear recuerdos duraderos.<\/p>\r\n<p>Elige Tropicana para una experiencia incomparable que combina aventura, comodidad y exploraci\u00f3n cultural. Nuestro compromiso con la excelencia se refleja en cada aspecto de nuestros servicios, y esperamos ser parte de tu pr\u00f3ximo viaje inolvidable. \u00a1Cont\u00e1ctanos hoy para empezar a planificar tu excursi\u00f3n al volc\u00e1n Acatenango y explorar las maravillas que te esperan!<\/p>\r\n<p>&nbsp;<\/p>\r\n<p>[et_pb_section][et_pb_row][et_pb_column type=\u00bb4_4&#8243;][et_pb_text]<\/p>\r\n<div class=\"frm_forms  with_frm_style frm_style_formidable-style\" id=\"frm_form_2_container\" data-token=\"36047679eccdab0476fd6d999fdc98da\">\n<form enctype=\"multipart\/form-data\" method=\"post\" class=\"frm-show-form  frm_js_validate  frm_ajax_submit  frm_pro_form \" id=\"form_contact-form2\" data-token=\"36047679eccdab0476fd6d999fdc98da\">\n<div class=\"frm_form_fields \">\n<fieldset>\n<legend class=\"frm_screen_reader\">Contact Us<\/legend>\r\n\r\n<div class=\"frm_fields_container\">\n<input type=\"hidden\" name=\"frm_action\" value=\"create\" \/>\n<input type=\"hidden\" name=\"form_id\" value=\"2\" \/>\n<input type=\"hidden\" name=\"frm_hide_fields_2\" id=\"frm_hide_fields_2\" value=\"\" \/>\n<input type=\"hidden\" name=\"form_key\" value=\"contact-form2\" \/>\n<input type=\"hidden\" name=\"item_meta[0]\" value=\"\" \/>\n<input type=\"hidden\" id=\"frm_submit_entry_2\" name=\"frm_submit_entry_2\" value=\"566b01bd09\" \/><input type=\"hidden\" name=\"_wp_http_referer\" value=\"\/es\/wp-json\/wp\/v2\/pages\/6640\" \/><div id=\"frm_field_7_container\" class=\"frm_form_field form-field  frm_required_field frm_inside_container frm_first frm_half\">\r\n    <label for=\"field_qh4icy2\" id=\"field_qh4icy2_label\" class=\"frm_primary_label\">Nombre\r\n        <span class=\"frm_required\" aria-hidden=\"true\">*<\/span>\r\n    <\/label>\r\n    <input  type=\"text\" id=\"field_qh4icy2\" name=\"item_meta[7]\" value=\"\"  data-reqmsg=\"Nombre cannot be blank.\" aria-required=\"true\" data-invmsg=\"Name is invalid\" aria-invalid=\"false\"   \/>\r\n    \r\n    \r\n<\/div>\n<div id=\"frm_field_8_container\" class=\"frm_form_field form-field  frm_inside_container frm_half\">\r\n    <label for=\"field_ocfup12\" id=\"field_ocfup12_label\" class=\"frm_primary_label\">Apellido\r\n        <span class=\"frm_required\" aria-hidden=\"true\"><\/span>\r\n    <\/label>\r\n    <input  type=\"text\" id=\"field_ocfup12\" name=\"item_meta[8]\" value=\"\"  data-invmsg=\"Last is invalid\" aria-invalid=\"false\"   \/>\r\n    \r\n    \r\n<\/div>\n<div id=\"frm_field_9_container\" class=\"frm_form_field form-field  frm_inside_container\">\r\n    <label for=\"field_loud62\" id=\"field_loud62_label\" class=\"frm_primary_label\">Tel\u00e9fono\r\n        <span class=\"frm_required\" aria-hidden=\"true\"><\/span>\r\n    <\/label>\r\n    <input type=\"tel\" id=\"field_loud62\" name=\"item_meta[9]\" value=\"\"  data-invmsg=\"Phone is invalid\" aria-invalid=\"false\" pattern=\"((\\+\\d{1,3}(-|.| )?\\(?\\d\\)?(-| |.)?\\d{1,5})|(\\(?\\d{2,6}\\)?))(-|.| )?(\\d{3,4})(-|.| )?(\\d{4})(( x| ext)\\d{1,5}){0,1}$\"  \/>\r\n    \r\n    \r\n<\/div>\n<div id=\"frm_field_10_container\" class=\"frm_form_field form-field  frm_required_field frm_inside_container frm_full\">\r\n    <label for=\"field_29yf4d2\" id=\"field_29yf4d2_label\" class=\"frm_primary_label\">Correo electr\u00f3nico\r\n        <span class=\"frm_required\" aria-hidden=\"true\">*<\/span>\r\n    <\/label>\r\n    <input type=\"email\" id=\"field_29yf4d2\" name=\"item_meta[10]\" value=\"\"  data-reqmsg=\"Correo electr\u00f3nico cannot be blank.\" aria-required=\"true\" data-invmsg=\"Please enter a valid email address\" aria-invalid=\"false\"  \/>\r\n    \r\n    \r\n<\/div>\n<div id=\"frm_field_11_container\" class=\"frm_form_field form-field  frm_required_field frm_inside_container frm_full\">\r\n    <label for=\"field_9jv0r12\" id=\"field_9jv0r12_label\" class=\"frm_primary_label\">Mensaje\r\n        <span class=\"frm_required\" aria-hidden=\"true\">*<\/span>\r\n    <\/label>\r\n    <textarea name=\"item_meta[11]\" id=\"field_9jv0r12\" rows=\"5\"  data-reqmsg=\"Mensaje cannot be blank.\" aria-required=\"true\" data-invmsg=\"Message is invalid\" aria-invalid=\"false\"  ><\/textarea>\r\n    \r\n    \r\n<\/div>\n\t<input type=\"hidden\" name=\"item_key\" value=\"\" \/>\n\t\t\t<div id=\"frm_field_12_container\">\n\t\t\t<label for=\"field_83lg\" >\n\t\t\t\tSi eres humano, deja este campo en blanco.\t\t\t<\/label>\n\t\t\t<input  id=\"field_83lg\" type=\"text\" class=\"frm_form_field form-field frm_verify\" name=\"item_meta[12]\" value=\"\"  \/>\n\t\t<\/div>\n\t\t<input name=\"frm_state\" type=\"hidden\" value=\"gTva62aHRWW0A20iv\/gdsvbeivqzuLXXw52qtz6NSmmD7canzYxdAtubpIWGNrin\" \/><div class=\"frm_submit\">\r\n\r\n<button class=\"frm_button_submit frm_final_submit\" type=\"submit\"   formnovalidate=\"formnovalidate\">Submit<\/button>\r\n\r\n\r\n<\/div><\/div>\n<\/fieldset>\n<\/div>\n\n<p style=\"display: none !important;\" class=\"akismet-fields-container\" data-prefix=\"ak_\"><label>&#916;<textarea name=\"ak_hp_textarea\" cols=\"45\" rows=\"8\" maxlength=\"100\"><\/textarea><\/label><input type=\"hidden\" id=\"ak_js_1\" name=\"ak_js\" value=\"164\"\/><script>document.getElementById( \"ak_js_1\" ).setAttribute( \"value\", ( new Date() ).getTime() );<\/script><\/p><\/form>\n<\/div>\n\r\n\r\n<p><iframe loading=\"lazy\" style=\"border: 0;\" src=\"https:\/\/www.google.com\/maps\/embed?pb=!1m14!1m8!1m3!1d1033.540505817976!2d-90.73345922517915!3d14.555229983694177!3m2!1i1024!2i768!4f13.1!3m3!1m2!1s0x0%3A0x9ba00f8576a83934!2sTropicana+Hostel!5e0!3m2!1ses!2sgt!4v1551673763644\" width=\"600\" height=\"450\" frameborder=\"0\" allowfullscreen=\"allowfullscreen\" data-mce-fragment=\"1\"><\/iframe><\/p>\r\n\r\n\r\n\r\n<p>Nuestra localizaci\u00f3n: Sexta Calle Poniente 2, Antigua Guatemala<\/p>\r\n\r\n\r\n\r\n<p>Tel: +(502) 78320462<\/p>\r\n\r\n<p>[\/et_pb_text][\/et_pb_column][\/et_pb_row][\/et_pb_section]<\/p>","protected":false},"excerpt":{"rendered":"<p>Cont\u00e1ctanos No dudes en ponerte en contacto con nosotros para obtener informaci\u00f3n sobre nuestra mundialmente reconocida excursi\u00f3n al volc\u00e1n Acatenango y explorar las pr\u00e1cticas opciones de transporte en autob\u00fas que ofrecemos. En Tropicana, nos enorgullece brindar servicios de viaje excepcionales que satisfacen el esp\u00edritu aventurero de nuestra clientela. Embarca en un viaje inolvidable mientras asciendes<br \/><a class=\"moretag\" href=\"https:\/\/tropicanahostel.com\/es\/contactanos\/\">+ M\u00e1s informaci\u00f3n<\/a><\/p>\n","protected":false},"author":733,"featured_media":0,"parent":0,"menu_order":12,"comment_status":"closed","ping_status":"closed","template":"","meta":{"_et_pb_use_builder":"","_et_pb_old_content":"<p>[et_pb_section][et_pb_row][et_pb_column type=\"4_4\"][et_pb_text]<\/p>\r\n<p>[wpforms id=\"6794\" title=\"false\" description=\"false\"]<\/p>\r\n<!-- wp:html -->\r\n<p><iframe style=\"border: 0;\" src=\"https:\/\/www.google.com\/maps\/embed?pb=!1m14!1m8!1m3!1d1033.540505817976!2d-90.73345922517915!3d14.555229983694177!3m2!1i1024!2i768!4f13.1!3m3!1m2!1s0x0%3A0x9ba00f8576a83934!2sTropicana+Hostel!5e0!3m2!1ses!2sgt!4v1551673763644\" width=\"600\" height=\"450\" frameborder=\"0\" allowfullscreen=\"allowfullscreen\" data-mce-fragment=\"1\"><\/iframe><\/p>\r\n<!-- \/wp:html --><!-- wp:paragraph -->\r\n<p>Nuestra localizaci\u00f3n: Sexta Calle Poniente 2, Antigua Guatemala<\/p>\r\n<!-- \/wp:paragraph --><!-- wp:paragraph -->\r\n<p>Tel: +(502) 78320462<\/p>\r\n<!-- \/wp:paragraph -->\r\n<p>[\/et_pb_text][\/et_pb_column][\/et_pb_row][\/et_pb_section]<\/p>","_et_gb_content_width":"","jetpack_post_was_ever_published":false,"footnotes":""},"home-package":[],"class_list":["post-6640","page","type-page","status-publish","hentry"],"yoast_head":"<!-- This site is optimized with the Yoast SEO Premium plugin v26.1 (Yoast SEO v26.2) - https:\/\/yoast.com\/wordpress\/plugins\/seo\/ -->\n<title>Cont\u00e1ctanos | Tropicana Hostel and Travel Agency<\/title>\n<meta name=\"description\" content=\"Cont\u00e1ctanos ahora para planificar tus mejores aventuras! Nuestro equipo de expertos en viajes te ayudar\u00e1 a crear recuerdos inolvidables.\" \/>\n<meta name=\"robots\" content=\"index, follow, max-snippet:-1, max-image-preview:large, max-video-preview:-1\" \/>\n<link rel=\"canonical\" href=\"https:\/\/tropicanahostel.com\/es\/contactanos\/\" \/>\n<meta property=\"og:locale\" content=\"es_ES\" \/>\n<meta property=\"og:type\" content=\"article\" \/>\n<meta property=\"og:title\" content=\"Cont\u00e1ctanos | Tropicana Hostel and Travel Agency\" \/>\n<meta property=\"og:description\" content=\"Cont\u00e1ctanos ahora para planificar tus mejores aventuras! Nuestro equipo de expertos en viajes te ayudar\u00e1 a crear recuerdos inolvidables.\" \/>\n<meta property=\"og:url\" content=\"https:\/\/tropicanahostel.com\/es\/contactanos\/\" \/>\n<meta property=\"og:site_name\" content=\"Tropicana Hostel and Travel Agency\" \/>\n<meta property=\"article:publisher\" content=\"https:\/\/www.facebook.com\/tropicanahostel\/\" \/>\n<meta property=\"article:modified_time\" content=\"2023-12-06T22:02:12+00:00\" \/>\n<meta property=\"og:image\" content=\"https:\/\/tropicanahostel.com\/wp-content\/uploads\/2019\/11\/facebook.png\" \/>\n\t<meta property=\"og:image:width\" content=\"1200\" \/>\n\t<meta property=\"og:image:height\" content=\"800\" \/>\n\t<meta property=\"og:image:type\" content=\"image\/png\" \/>\n<meta name=\"twitter:card\" content=\"summary_large_image\" \/>\n<meta name=\"twitter:title\" content=\"Cont\u00e1ctanos | Tropicana Hostel and Travel Agency\" \/>\n<meta name=\"twitter:description\" content=\"Cont\u00e1ctanos ahora para planificar tus mejores aventuras! Nuestro equipo de expertos en viajes te ayudar\u00e1 a crear recuerdos inolvidables.\" \/>\n<meta name=\"twitter:label1\" content=\"Tiempo de lectura\" \/>\n\t<meta name=\"twitter:data1\" content=\"2 minutos\" \/>\n<script type=\"application\/ld+json\" class=\"yoast-schema-graph\">{\"@context\":\"https:\/\/schema.org\",\"@graph\":[{\"@type\":\"WebPage\",\"@id\":\"https:\/\/tropicanahostel.com\/es\/contactanos\/\",\"url\":\"https:\/\/tropicanahostel.com\/es\/contactanos\/\",\"name\":\"Cont\u00e1ctanos | Tropicana Hostel and Travel Agency\",\"isPartOf\":{\"@id\":\"https:\/\/tropicanahostel.com\/es\/#website\"},\"datePublished\":\"2018-10-10T17:12:11+00:00\",\"dateModified\":\"2023-12-06T22:02:12+00:00\",\"description\":\"Cont\u00e1ctanos ahora para planificar tus mejores aventuras! Nuestro equipo de expertos en viajes te ayudar\u00e1 a crear recuerdos inolvidables.\",\"breadcrumb\":{\"@id\":\"https:\/\/tropicanahostel.com\/es\/contactanos\/#breadcrumb\"},\"inLanguage\":\"es\",\"potentialAction\":[{\"@type\":\"ReadAction\",\"target\":[\"https:\/\/tropicanahostel.com\/es\/contactanos\/\"]}]},{\"@type\":\"BreadcrumbList\",\"@id\":\"https:\/\/tropicanahostel.com\/es\/contactanos\/#breadcrumb\",\"itemListElement\":[{\"@type\":\"ListItem\",\"position\":1,\"name\":\"Home\",\"item\":\"https:\/\/tropicanahostel.com\/es\/\"},{\"@type\":\"ListItem\",\"position\":2,\"name\":\"Cont\u00e1ctanos\"}]},{\"@type\":\"WebSite\",\"@id\":\"https:\/\/tropicanahostel.com\/es\/#website\",\"url\":\"https:\/\/tropicanahostel.com\/es\/\",\"name\":\"Tropicana Hostel and Travel Agency\",\"description\":\"Acatenango Tour  - Acatenango Hike - Hostel in Antigua\",\"potentialAction\":[{\"@type\":\"SearchAction\",\"target\":{\"@type\":\"EntryPoint\",\"urlTemplate\":\"https:\/\/tropicanahostel.com\/es\/?s={search_term_string}\"},\"query-input\":{\"@type\":\"PropertyValueSpecification\",\"valueRequired\":true,\"valueName\":\"search_term_string\"}}],\"inLanguage\":\"es\"}]}<\/script>\n<!-- \/ Yoast SEO Premium plugin. -->","yoast_head_json":{"title":"Cont\u00e1ctanos | Tropicana Hostel and Travel Agency","description":"Cont\u00e1ctanos ahora para planificar tus mejores aventuras! Nuestro equipo de expertos en viajes te ayudar\u00e1 a crear recuerdos inolvidables.","robots":{"index":"index","follow":"follow","max-snippet":"max-snippet:-1","max-image-preview":"max-image-preview:large","max-video-preview":"max-video-preview:-1"},"canonical":"https:\/\/tropicanahostel.com\/es\/contactanos\/","og_locale":"es_ES","og_type":"article","og_title":"Cont\u00e1ctanos | Tropicana Hostel and Travel Agency","og_description":"Cont\u00e1ctanos ahora para planificar tus mejores aventuras! Nuestro equipo de expertos en viajes te ayudar\u00e1 a crear recuerdos inolvidables.","og_url":"https:\/\/tropicanahostel.com\/es\/contactanos\/","og_site_name":"Tropicana Hostel and Travel Agency","article_publisher":"https:\/\/www.facebook.com\/tropicanahostel\/","article_modified_time":"2023-12-06T22:02:12+00:00","og_image":[{"width":1200,"height":800,"url":"https:\/\/tropicanahostel.com\/wp-content\/uploads\/2019\/11\/facebook.png","type":"image\/png"}],"twitter_card":"summary_large_image","twitter_title":"Cont\u00e1ctanos | Tropicana Hostel and Travel Agency","twitter_description":"Cont\u00e1ctanos ahora para planificar tus mejores aventuras! Nuestro equipo de expertos en viajes te ayudar\u00e1 a crear recuerdos inolvidables.","twitter_misc":{"Tiempo de lectura":"2 minutos"},"schema":{"@context":"https:\/\/schema.org","@graph":[{"@type":"WebPage","@id":"https:\/\/tropicanahostel.com\/es\/contactanos\/","url":"https:\/\/tropicanahostel.com\/es\/contactanos\/","name":"Cont\u00e1ctanos | Tropicana Hostel and Travel Agency","isPartOf":{"@id":"https:\/\/tropicanahostel.com\/es\/#website"},"datePublished":"2018-10-10T17:12:11+00:00","dateModified":"2023-12-06T22:02:12+00:00","description":"Cont\u00e1ctanos ahora para planificar tus mejores aventuras! Nuestro equipo de expertos en viajes te ayudar\u00e1 a crear recuerdos inolvidables.","breadcrumb":{"@id":"https:\/\/tropicanahostel.com\/es\/contactanos\/#breadcrumb"},"inLanguage":"es","potentialAction":[{"@type":"ReadAction","target":["https:\/\/tropicanahostel.com\/es\/contactanos\/"]}]},{"@type":"BreadcrumbList","@id":"https:\/\/tropicanahostel.com\/es\/contactanos\/#breadcrumb","itemListElement":[{"@type":"ListItem","position":1,"name":"Home","item":"https:\/\/tropicanahostel.com\/es\/"},{"@type":"ListItem","position":2,"name":"Cont\u00e1ctanos"}]},{"@type":"WebSite","@id":"https:\/\/tropicanahostel.com\/es\/#website","url":"https:\/\/tropicanahostel.com\/es\/","name":"Tropicana Hostel and Travel Agency","description":"Acatenango Tour  - Acatenango Hike - Hostel in Antigua","potentialAction":[{"@type":"SearchAction","target":{"@type":"EntryPoint","urlTemplate":"https:\/\/tropicanahostel.com\/es\/?s={search_term_string}"},"query-input":{"@type":"PropertyValueSpecification","valueRequired":true,"valueName":"search_term_string"}}],"inLanguage":"es"}]}},"jetpack_shortlink":"https:\/\/wp.me\/P9KhkJ-1J6","jetpack_likes_enabled":true,"jetpack-related-posts":[],"jetpack_sharing_enabled":true,"_links":{"self":[{"href":"https:\/\/tropicanahostel.com\/es\/wp-json\/wp\/v2\/pages\/6640","targetHints":{"allow":["GET"]}}],"collection":[{"href":"https:\/\/tropicanahostel.com\/es\/wp-json\/wp\/v2\/pages"}],"about":[{"href":"https:\/\/tropicanahostel.com\/es\/wp-json\/wp\/v2\/types\/page"}],"author":[{"embeddable":true,"href":"https:\/\/tropicanahostel.com\/es\/wp-json\/wp\/v2\/users\/733"}],"replies":[{"embeddable":true,"href":"https:\/\/tropicanahostel.com\/es\/wp-json\/wp\/v2\/comments?post=6640"}],"version-history":[{"count":0,"href":"https:\/\/tropicanahostel.com\/es\/wp-json\/wp\/v2\/pages\/6640\/revisions"}],"wp:attachment":[{"href":"https:\/\/tropicanahostel.com\/es\/wp-json\/wp\/v2\/media?parent=6640"}],"wp:term":[{"taxonomy":"home-package","embeddable":true,"href":"https:\/\/tropicanahostel.com\/es\/wp-json\/wp\/v2\/home-package?post=6640"}],"curies":[{"name":"wp","href":"https:\/\/api.w.org\/{rel}","templated":true}]}}