{"id":6629,"date":"2018-11-22T00:22:13","date_gmt":"2018-11-22T06:22:13","guid":{"rendered":"https:\/\/tropicanahostel.com\/?page_id=6629"},"modified":"2022-09-15T10:30:55","modified_gmt":"2022-09-15T16:30:55","slug":"articulos-disponibles-para-alquilar","status":"publish","type":"page","link":"https:\/\/tropicanahostel.com\/es\/articulos-disponibles-para-alquilar\/","title":{"rendered":"Art\u00edculos disponibles para alquilar"},"content":{"rendered":"<p>[et_pb_section][et_pb_row][et_pb_column type=\u00bb4_4&#8243;][et_pb_text]<\/p>\r\n\r\n<figure class=\"wp-block-image\"><img loading=\"lazy\" decoding=\"async\" width=\"900\" height=\"199\" class=\"wp-image-2268\" src=\"https:\/\/tropicanahostel.com\/wp-content\/uploads\/2019\/08\/bannerweb.png\" alt=\"\" srcset=\"https:\/\/tropicanahostel.com\/wp-content\/uploads\/2019\/08\/bannerweb.png 900w, https:\/\/tropicanahostel.com\/wp-content\/uploads\/2019\/08\/bannerweb-300x66.png 300w, https:\/\/tropicanahostel.com\/wp-content\/uploads\/2019\/08\/bannerweb-768x170.png 768w\" sizes=\"(max-width: 900px) 100vw, 900px\" \/><\/figure>\r\n\r\n\r\n\r\n<div class=\"wp-block-group\">\r\n<div class=\"wp-block-group__inner-container is-layout-flow wp-block-group-is-layout-flow\">\r\n<div class=\"wp-block-group\">\r\n<div class=\"wp-block-group__inner-container is-layout-flow wp-block-group-is-layout-flow\"> <script>\r\n    (function(h,o,t,j,a,r){\r\n        h.hj=h.hj||function(){(h.hj.q=h.hj.q||[]).push(arguments)};\r\n        h._hjSettings={hjid:1546544,hjsv:6};\r\n        a=o.getElementsByTagName('head')[0];\r\n        r=o.createElement('script');r.async=1;\r\n        r.src=t+h._hjSettings.hjid+j+h._hjSettings.hjsv;\r\n        a.appendChild(r);\r\n    })(window,document,'https:\/\/static.hotjar.com\/c\/hotjar-','.js?sv=');\r\n<\/script> \r\n\r\n Tropicana Tours le ofrece todo tipo de prendas de vestir para asegurarse de que est\u00e9 abrigado y c\u00f3modo durante su caminata. Cada art\u00edculo requiere una peque\u00f1a tarifa y dep\u00f3sito. Recibir\u00e1 su dep\u00f3sito de vuelta en art\u00edculos devueltos en buenas condiciones.\r\n\r\n\r\n<div class=\"wp-block-image\">\r\n<figure class=\"alignleft is-resized\"><img loading=\"lazy\" decoding=\"async\" class=\"wp-image-2510\" src=\"https:\/\/tropicanahostel.com\/wp-content\/uploads\/2020\/01\/Clothes-3-x-3_-Deposit_-3-1024x724.png\" alt=\"\" width=\"555\" height=\"392\" srcset=\"https:\/\/tropicanahostel.com\/wp-content\/uploads\/2020\/01\/Clothes-3-x-3_-Deposit_-3-1024x724.png 1024w, https:\/\/tropicanahostel.com\/wp-content\/uploads\/2020\/01\/Clothes-3-x-3_-Deposit_-3-300x212.png 300w, https:\/\/tropicanahostel.com\/wp-content\/uploads\/2020\/01\/Clothes-3-x-3_-Deposit_-3-768x543.png 768w, https:\/\/tropicanahostel.com\/wp-content\/uploads\/2020\/01\/Clothes-3-x-3_-Deposit_-3-1536x1086.png 1536w, https:\/\/tropicanahostel.com\/wp-content\/uploads\/2020\/01\/Clothes-3-x-3_-Deposit_-3.png 2000w\" sizes=\"(max-width: 555px) 100vw, 555px\" \/><\/figure>\r\n<\/div>\r\n\r\n\r\n\r\n<div class=\"wp-block-image\">\r\n<figure class=\"alignleft size-large is-resized\"><img loading=\"lazy\" decoding=\"async\" class=\"wp-image-2514\" src=\"https:\/\/tropicanahostel.com\/wp-content\/uploads\/2020\/01\/Clothes-3-x-3_-Deposit_-3-3-1024x724.png\" alt=\"\" width=\"556\" height=\"393\" srcset=\"https:\/\/tropicanahostel.com\/wp-content\/uploads\/2020\/01\/Clothes-3-x-3_-Deposit_-3-3-1024x724.png 1024w, https:\/\/tropicanahostel.com\/wp-content\/uploads\/2020\/01\/Clothes-3-x-3_-Deposit_-3-3-600x424.png 600w, https:\/\/tropicanahostel.com\/wp-content\/uploads\/2020\/01\/Clothes-3-x-3_-Deposit_-3-3-300x212.png 300w, https:\/\/tropicanahostel.com\/wp-content\/uploads\/2020\/01\/Clothes-3-x-3_-Deposit_-3-3-768x543.png 768w, https:\/\/tropicanahostel.com\/wp-content\/uploads\/2020\/01\/Clothes-3-x-3_-Deposit_-3-3-1536x1086.png 1536w, https:\/\/tropicanahostel.com\/wp-content\/uploads\/2020\/01\/Clothes-3-x-3_-Deposit_-3-3.png 2000w\" sizes=\"(max-width: 556px) 100vw, 556px\" \/><\/figure>\r\n<\/div>\r\n<\/div>\r\n<\/div>\r\n<\/div>\r\n<\/div>\r\n\r\n\r\n\r\n\r\n\r\n\r\n\r\n<p>[\/et_pb_text][\/et_pb_column][\/et_pb_row][\/et_pb_section]<\/p>","protected":false},"excerpt":{"rendered":"<p>[et_pb_section][et_pb_row][et_pb_column type=\u00bb4_4&#8243;][et_pb_text] Tropicana Tours le ofrece todo tipo de prendas de vestir para asegurarse de que est\u00e9 abrigado y c\u00f3modo durante su caminata. Cada art\u00edculo requiere una peque\u00f1a tarifa y dep\u00f3sito. Recibir\u00e1 su dep\u00f3sito de vuelta en art\u00edculos devueltos en buenas condiciones. [\/et_pb_text][\/et_pb_column][\/et_pb_row][\/et_pb_section]<\/p>\n","protected":false},"author":733,"featured_media":0,"parent":0,"menu_order":10,"comment_status":"closed","ping_status":"closed","template":"","meta":{"_et_pb_use_builder":"","_et_pb_old_content":"<p><!-- wp:image {\"id\":2268} --><\/p><figure class=\"wp-block-image\"><img class=\"wp-image-2268\" src=\"https:\/\/tropicanahostel.com\/wp-content\/uploads\/2019\/08\/bannerweb.png\" alt=\"\" \/><\/figure><p><!-- \/wp:image --><\/p><p><!-- wp:group --><\/p><div class=\"wp-block-group\"><div class=\"wp-block-group__inner-container\"><!-- wp:group --><div class=\"wp-block-group\"><div class=\"wp-block-group__inner-container\"><!-- wp:html --><br \/><script>\r\n    (function(h,o,t,j,a,r){\r\n        h.hj=h.hj||function(){(h.hj.q=h.hj.q||[]).push(arguments)};\r\n        h._hjSettings={hjid:1546544,hjsv:6};\r\n        a=o.getElementsByTagName('head')[0];\r\n        r=o.createElement('script');r.async=1;\r\n        r.src=t+h._hjSettings.hjid+j+h._hjSettings.hjsv;\r\n        a.appendChild(r);\r\n    })(window,document,'https:\/\/static.hotjar.com\/c\/hotjar-','.js?sv=');\r\n<\/script><br \/><!-- \/wp:html --><p><!-- wp:paragraph --><\/p><p>Tropicana Tours offers you all kinds of clothing items to make sure your warm and cozy during you hike. Each item requiers a small fee and deposit. You will recieve your deposit back on items returned in fair condition.<\/p><p><!-- \/wp:paragraph --><\/p><p><!-- wp:image {\"align\":\"left\",\"id\":2510,\"width\":555,\"height\":392} --><\/p><div class=\"wp-block-image\"><figure class=\"alignleft is-resized\"><img class=\"wp-image-2510\" src=\"https:\/\/tropicanahostel.com\/wp-content\/uploads\/2020\/01\/Clothes-3-x-3_-Deposit_-3-1024x724.png\" alt=\"\" width=\"555\" height=\"392\" \/><\/figure><\/div><p><!-- \/wp:image --><\/p><p><!-- wp:image {\"align\":\"left\",\"id\":2514,\"width\":556,\"height\":393,\"sizeSlug\":\"large\"} --><\/p><div class=\"wp-block-image\"><figure class=\"alignleft size-large is-resized\"><img class=\"wp-image-2514\" src=\"https:\/\/tropicanahostel.com\/wp-content\/uploads\/2020\/01\/Clothes-3-x-3_-Deposit_-3-3-1024x724.png\" alt=\"\" width=\"556\" height=\"393\" \/><\/figure><\/div><p><!-- \/wp:image --><\/p><\/div><\/div><p><!-- \/wp:group --><\/p><\/div><\/div><p><!-- \/wp:group --><\/p><p><!-- wp:paragraph --><\/p><p><!-- \/wp:paragraph --><\/p><p><!-- wp:paragraph --><\/p><p><!-- \/wp:paragraph --><\/p><p><!-- wp:paragraph --><\/p><p><!-- \/wp:paragraph --><\/p>","_et_gb_content_width":"","jetpack_post_was_ever_published":false,"footnotes":""},"home-package":[],"class_list":["post-6629","page","type-page","status-publish","hentry"],"yoast_head":"<!-- This site is optimized with the Yoast SEO Premium plugin v26.1 (Yoast SEO v26.2) - https:\/\/yoast.com\/wordpress\/plugins\/seo\/ -->\n<title>Art\u00edculos disponibles para alquilar - Tropicana Hostel and Travel Agency<\/title>\n<meta name=\"robots\" content=\"index, follow, max-snippet:-1, max-image-preview:large, max-video-preview:-1\" \/>\n<link rel=\"canonical\" href=\"https:\/\/tropicanahostel.com\/es\/articulos-disponibles-para-alquilar\/\" \/>\n<meta property=\"og:locale\" content=\"es_ES\" \/>\n<meta property=\"og:type\" content=\"article\" \/>\n<meta property=\"og:title\" content=\"Art\u00edculos disponibles para alquilar\" \/>\n<meta property=\"og:description\" content=\"[et_pb_section][et_pb_row][et_pb_column type=\u00bb4_4&#8243;][et_pb_text] Tropicana Tours le ofrece todo tipo de prendas de vestir para asegurarse de que est\u00e9 abrigado y c\u00f3modo durante su caminata. Cada art\u00edculo requiere una peque\u00f1a tarifa y dep\u00f3sito. Recibir\u00e1 su dep\u00f3sito de vuelta en art\u00edculos devueltos en buenas condiciones. [\/et_pb_text][\/et_pb_column][\/et_pb_row][\/et_pb_section]\" \/>\n<meta property=\"og:url\" content=\"https:\/\/tropicanahostel.com\/es\/articulos-disponibles-para-alquilar\/\" \/>\n<meta property=\"og:site_name\" content=\"Tropicana Hostel and Travel Agency\" \/>\n<meta property=\"article:publisher\" content=\"https:\/\/www.facebook.com\/tropicanahostel\/\" \/>\n<meta property=\"article:modified_time\" content=\"2022-09-15T16:30:55+00:00\" \/>\n<meta property=\"og:image\" content=\"https:\/\/tropicanahostel.com\/wp-content\/uploads\/2019\/08\/bannerweb.png\" \/>\n<meta name=\"twitter:card\" content=\"summary_large_image\" \/>\n<meta name=\"twitter:label1\" content=\"Tiempo de lectura\" \/>\n\t<meta name=\"twitter:data1\" content=\"1 minuto\" \/>\n<script type=\"application\/ld+json\" class=\"yoast-schema-graph\">{\"@context\":\"https:\/\/schema.org\",\"@graph\":[{\"@type\":\"WebPage\",\"@id\":\"https:\/\/tropicanahostel.com\/es\/articulos-disponibles-para-alquilar\/\",\"url\":\"https:\/\/tropicanahostel.com\/es\/articulos-disponibles-para-alquilar\/\",\"name\":\"Art\u00edculos disponibles para alquilar - Tropicana Hostel and Travel Agency\",\"isPartOf\":{\"@id\":\"https:\/\/tropicanahostel.com\/es\/#website\"},\"primaryImageOfPage\":{\"@id\":\"https:\/\/tropicanahostel.com\/es\/articulos-disponibles-para-alquilar\/#primaryimage\"},\"image\":{\"@id\":\"https:\/\/tropicanahostel.com\/es\/articulos-disponibles-para-alquilar\/#primaryimage\"},\"thumbnailUrl\":\"https:\/\/tropicanahostel.com\/wp-content\/uploads\/2019\/08\/bannerweb.png\",\"datePublished\":\"2018-11-22T06:22:13+00:00\",\"dateModified\":\"2022-09-15T16:30:55+00:00\",\"breadcrumb\":{\"@id\":\"https:\/\/tropicanahostel.com\/es\/articulos-disponibles-para-alquilar\/#breadcrumb\"},\"inLanguage\":\"es\",\"potentialAction\":[{\"@type\":\"ReadAction\",\"target\":[\"https:\/\/tropicanahostel.com\/es\/articulos-disponibles-para-alquilar\/\"]}]},{\"@type\":\"ImageObject\",\"inLanguage\":\"es\",\"@id\":\"https:\/\/tropicanahostel.com\/es\/articulos-disponibles-para-alquilar\/#primaryimage\",\"url\":\"https:\/\/tropicanahostel.com\/wp-content\/uploads\/2019\/08\/bannerweb.png\",\"contentUrl\":\"https:\/\/tropicanahostel.com\/wp-content\/uploads\/2019\/08\/bannerweb.png\"},{\"@type\":\"BreadcrumbList\",\"@id\":\"https:\/\/tropicanahostel.com\/es\/articulos-disponibles-para-alquilar\/#breadcrumb\",\"itemListElement\":[{\"@type\":\"ListItem\",\"position\":1,\"name\":\"Home\",\"item\":\"https:\/\/tropicanahostel.com\/es\/\"},{\"@type\":\"ListItem\",\"position\":2,\"name\":\"Art\u00edculos disponibles para alquilar\"}]},{\"@type\":\"WebSite\",\"@id\":\"https:\/\/tropicanahostel.com\/es\/#website\",\"url\":\"https:\/\/tropicanahostel.com\/es\/\",\"name\":\"Tropicana Hostel and Travel Agency\",\"description\":\"Acatenango Tour  - Acatenango Hike - Hostel in Antigua\",\"potentialAction\":[{\"@type\":\"SearchAction\",\"target\":{\"@type\":\"EntryPoint\",\"urlTemplate\":\"https:\/\/tropicanahostel.com\/es\/?s={search_term_string}\"},\"query-input\":{\"@type\":\"PropertyValueSpecification\",\"valueRequired\":true,\"valueName\":\"search_term_string\"}}],\"inLanguage\":\"es\"}]}<\/script>\n<!-- \/ Yoast SEO Premium plugin. -->","yoast_head_json":{"title":"Art\u00edculos disponibles para alquilar - Tropicana Hostel and Travel Agency","robots":{"index":"index","follow":"follow","max-snippet":"max-snippet:-1","max-image-preview":"max-image-preview:large","max-video-preview":"max-video-preview:-1"},"canonical":"https:\/\/tropicanahostel.com\/es\/articulos-disponibles-para-alquilar\/","og_locale":"es_ES","og_type":"article","og_title":"Art\u00edculos disponibles para alquilar","og_description":"[et_pb_section][et_pb_row][et_pb_column type=\u00bb4_4&#8243;][et_pb_text] Tropicana Tours le ofrece todo tipo de prendas de vestir para asegurarse de que est\u00e9 abrigado y c\u00f3modo durante su caminata. Cada art\u00edculo requiere una peque\u00f1a tarifa y dep\u00f3sito. Recibir\u00e1 su dep\u00f3sito de vuelta en art\u00edculos devueltos en buenas condiciones. [\/et_pb_text][\/et_pb_column][\/et_pb_row][\/et_pb_section]","og_url":"https:\/\/tropicanahostel.com\/es\/articulos-disponibles-para-alquilar\/","og_site_name":"Tropicana Hostel and Travel Agency","article_publisher":"https:\/\/www.facebook.com\/tropicanahostel\/","article_modified_time":"2022-09-15T16:30:55+00:00","og_image":[{"url":"https:\/\/tropicanahostel.com\/wp-content\/uploads\/2019\/08\/bannerweb.png","type":"","width":"","height":""}],"twitter_card":"summary_large_image","twitter_misc":{"Tiempo de lectura":"1 minuto"},"schema":{"@context":"https:\/\/schema.org","@graph":[{"@type":"WebPage","@id":"https:\/\/tropicanahostel.com\/es\/articulos-disponibles-para-alquilar\/","url":"https:\/\/tropicanahostel.com\/es\/articulos-disponibles-para-alquilar\/","name":"Art\u00edculos disponibles para alquilar - Tropicana Hostel and Travel Agency","isPartOf":{"@id":"https:\/\/tropicanahostel.com\/es\/#website"},"primaryImageOfPage":{"@id":"https:\/\/tropicanahostel.com\/es\/articulos-disponibles-para-alquilar\/#primaryimage"},"image":{"@id":"https:\/\/tropicanahostel.com\/es\/articulos-disponibles-para-alquilar\/#primaryimage"},"thumbnailUrl":"https:\/\/tropicanahostel.com\/wp-content\/uploads\/2019\/08\/bannerweb.png","datePublished":"2018-11-22T06:22:13+00:00","dateModified":"2022-09-15T16:30:55+00:00","breadcrumb":{"@id":"https:\/\/tropicanahostel.com\/es\/articulos-disponibles-para-alquilar\/#breadcrumb"},"inLanguage":"es","potentialAction":[{"@type":"ReadAction","target":["https:\/\/tropicanahostel.com\/es\/articulos-disponibles-para-alquilar\/"]}]},{"@type":"ImageObject","inLanguage":"es","@id":"https:\/\/tropicanahostel.com\/es\/articulos-disponibles-para-alquilar\/#primaryimage","url":"https:\/\/tropicanahostel.com\/wp-content\/uploads\/2019\/08\/bannerweb.png","contentUrl":"https:\/\/tropicanahostel.com\/wp-content\/uploads\/2019\/08\/bannerweb.png"},{"@type":"BreadcrumbList","@id":"https:\/\/tropicanahostel.com\/es\/articulos-disponibles-para-alquilar\/#breadcrumb","itemListElement":[{"@type":"ListItem","position":1,"name":"Home","item":"https:\/\/tropicanahostel.com\/es\/"},{"@type":"ListItem","position":2,"name":"Art\u00edculos disponibles para alquilar"}]},{"@type":"WebSite","@id":"https:\/\/tropicanahostel.com\/es\/#website","url":"https:\/\/tropicanahostel.com\/es\/","name":"Tropicana Hostel and Travel Agency","description":"Acatenango Tour  - Acatenango Hike - Hostel in Antigua","potentialAction":[{"@type":"SearchAction","target":{"@type":"EntryPoint","urlTemplate":"https:\/\/tropicanahostel.com\/es\/?s={search_term_string}"},"query-input":{"@type":"PropertyValueSpecification","valueRequired":true,"valueName":"search_term_string"}}],"inLanguage":"es"}]}},"jetpack_shortlink":"https:\/\/wp.me\/P9KhkJ-1IV","jetpack_likes_enabled":true,"jetpack-related-posts":[],"jetpack_sharing_enabled":true,"_links":{"self":[{"href":"https:\/\/tropicanahostel.com\/es\/wp-json\/wp\/v2\/pages\/6629","targetHints":{"allow":["GET"]}}],"collection":[{"href":"https:\/\/tropicanahostel.com\/es\/wp-json\/wp\/v2\/pages"}],"about":[{"href":"https:\/\/tropicanahostel.com\/es\/wp-json\/wp\/v2\/types\/page"}],"author":[{"embeddable":true,"href":"https:\/\/tropicanahostel.com\/es\/wp-json\/wp\/v2\/users\/733"}],"replies":[{"embeddable":true,"href":"https:\/\/tropicanahostel.com\/es\/wp-json\/wp\/v2\/comments?post=6629"}],"version-history":[{"count":0,"href":"https:\/\/tropicanahostel.com\/es\/wp-json\/wp\/v2\/pages\/6629\/revisions"}],"wp:attachment":[{"href":"https:\/\/tropicanahostel.com\/es\/wp-json\/wp\/v2\/media?parent=6629"}],"wp:term":[{"taxonomy":"home-package","embeddable":true,"href":"https:\/\/tropicanahostel.com\/es\/wp-json\/wp\/v2\/home-package?post=6629"}],"curies":[{"name":"wp","href":"https:\/\/api.w.org\/{rel}","templated":true}]}}