{"id":6077,"date":"2021-03-31T15:35:10","date_gmt":"2021-03-31T21:35:10","guid":{"rendered":"https:\/\/tropicanahostel.com\/tienda\/"},"modified":"2023-10-20T19:35:27","modified_gmt":"2023-10-21T01:35:27","slug":"tienda","status":"publish","type":"page","link":"https:\/\/tropicanahostel.com\/es\/tienda\/","title":{"rendered":"Tienda"},"content":{"rendered":"<p>[et_pb_section fb_built=\u00bb1&#8243; admin_label=\u00bbsection\u00bb _builder_version=\u00bb4.16&#8243; global_colors_info=\u00bb{}\u00bb][et_pb_row admin_label=\u00bbrow\u00bb _builder_version=\u00bb4.16&#8243; background_size=\u00bbinitial\u00bb background_position=\u00bbtop_left\u00bb background_repeat=\u00bbrepeat\u00bb global_colors_info=\u00bb{}\u00bb][et_pb_column type=\u00bb4_4&#8243; _builder_version=\u00bb4.16&#8243; custom_padding=\u00bb|||\u00bb global_colors_info=\u00bb{}\u00bb custom_padding__hover=\u00bb|||\u00bb][et_pb_text admin_label=\u00bbText\u00bb _builder_version=\u00bb4.18.0&#8243; background_size=\u00bbinitial\u00bb background_position=\u00bbtop_left\u00bb background_repeat=\u00bbrepeat\u00bb locked=\u00bboff\u00bb global_colors_info=\u00bb{}\u00bb]<\/p>\n<div style=\"padding-left: 5%; padding-right: 5%;\">\n<p><strong>Reserva tours a Acatenango\/Transporte<\/strong><\/p>\n<p>En Tropicana ofrecemos varios tours, el m\u00e1s popular es nuestra Caminata al Volc\u00e1n Acatenango. Tambi\u00e9n ofrecemos servicios de transporte en todo Guatemala, M\u00e9xico y Centroam\u00e9rica. Algunos de nuestros servicios de transporte m\u00e1s populares est\u00e1n disponibles para reservar directamente a continuaci\u00f3n.<\/p>\n<p><strong>Te invitamos a reservar el servicio de transporte al aeropuerto, incluso si no te hospedas con nosotros, nos complace llevarte a donde lo solicites en Antigua Guatemala.<\/strong><\/p>\n<p>La caminata al volc\u00e1n Acatenango es la caminata m\u00e1s hermosa que puedes hacer en Guatemala, acampando a casi 4,000 metros con vista al volc\u00e1n de fuego que hace erupci\u00f3n toda la noche.<\/p>\n<p>Si necesitas m\u00e1s informaci\u00f3n sobre los traslados o tours disponibles, cont\u00e1ctanos a: infotropicanahostel@gmail.com<\/p>\n<\/div>\n<p>[\/et_pb_text][et_pb_shop type=\u00bbfeatured\u00bb posts_number=\u00bb10&#8243; show_pagination=\u00bbon\u00bb columns_number=\u00bb3&#8243; _builder_version=\u00bb4.18.0&#8243; _module_preset=\u00bbdefault\u00bb locked=\u00bboff\u00bb global_colors_info=\u00bb{}\u00bb][\/et_pb_shop][\/et_pb_column][\/et_pb_row][\/et_pb_section][et_pb_section fb_built=\u00bb1&#8243; _builder_version=\u00bb4.18.0&#8243; _module_preset=\u00bbdefault\u00bb custom_padding=\u00bb1px|||||\u00bb locked=\u00bboff\u00bb global_colors_info=\u00bb{}\u00bb][et_pb_row _builder_version=\u00bb4.18.0&#8243; _module_preset=\u00bbdefault\u00bb link_option_url=\u00bbhttps:\/\/tropicanahostel.com\/destinations\/\u00bb global_colors_info=\u00bb{}\u00bb][et_pb_column type=\u00bb4_4&#8243; _builder_version=\u00bb4.18.0&#8243; _module_preset=\u00bbdefault\u00bb background_color=\u00bbrgba(10,10,10,0.24)\u00bb background_image=\u00bbhttps:\/\/tropicanahostel.com\/wp-content\/uploads\/2022\/10\/destinos-shuttles-guatemala-centroamerica1.jpg\u00bb background_blend=\u00bbmultiply\u00bb custom_padding=\u00bb14%||14%||true|false\u00bb border_radii=\u00bbon|25px|25px|25px|25px\u00bb box_shadow_style=\u00bbpreset2&#8243; global_colors_info=\u00bb{}\u00bb][et_pb_text _builder_version=\u00bb4.18.0&#8243; _module_preset=\u00bbdefault\u00bb global_colors_info=\u00bb{}\u00bb]<\/p>\n<h2 class=\"et_pb_slide_title\" style=\"text-align: center;\"><span style=\"color: #ffffff;\">Destinos<\/span><\/h2>\n<div class=\"et_pb_slide_content\">\n<p><span style=\"color: #ffffff;\">\u00a1Dejanos ayudarte a planificar tu viaje! Paquetes personalizados<\/span><\/p>\n<\/div>\n<p>[\/et_pb_text][et_pb_button button_url=\u00bbhttps:\/\/tropicanahostel.com\/es\/destinos\/\u00bb button_text=\u00bbRESERVA AHORA\u00bb button_alignment=\u00bbcenter\u00bb module_id=\u00bbboton-blanco\u00bb _builder_version=\u00bb4.18.0&#8243; _module_preset=\u00bbdefault\u00bb background_layout=\u00bbdark\u00bb global_colors_info=\u00bb{}\u00bb][\/et_pb_button][\/et_pb_column][\/et_pb_row][\/et_pb_section]<\/p>\n","protected":false},"excerpt":{"rendered":"<p>Reserva tours a Acatenango\/Transporte En Tropicana&#8230;<\/p>\n","protected":false},"author":733,"featured_media":0,"parent":0,"menu_order":4,"comment_status":"closed","ping_status":"closed","template":"","meta":{"_et_pb_use_builder":"on","_et_pb_old_content":"<div style=\"padding-left: 5%; padding-right: 5%;\">\r\n\r\n<strong>Book Acatenango\/Shuttle<\/strong>\r\n\r\nAt Tropicana we offer various tours, our most popular being our Acatenango Volcano Hike. We also offer transport services all around Guatemala, Mexico and Central America. A few of our most popular shuttles are available to book directly below.\r\n\r\n<strong>You are welcome to book the airport shuttle even if you are not staying with us we are happy to bring you where you request in Antigua Guatemala.<\/strong>\r\n\r\nAcatenango Volcano Hike is the most beautiful hike you can do around Guatemala, camping at almost 4,000 meters overlooking the fire volcano explode all night.\r\n\r\nIf you require any further information on available shuttles or tours, please contact us at: infotropicanahostel@gmail.com\r\n\r\n<\/div>","_et_gb_content_width":"","jetpack_post_was_ever_published":false,"footnotes":""},"home-package":[],"class_list":["post-6077","page","type-page","status-publish","hentry"],"yoast_head":"<!-- This site is optimized with the Yoast SEO Premium plugin v26.1 (Yoast SEO v26.2) - https:\/\/yoast.com\/wordpress\/plugins\/seo\/ -->\n<title>Tienda - Tropicana Hostel and Travel Agency<\/title>\n<meta name=\"description\" content=\"Descubre el mundo con nuestra agencia de viajes. Destinos emocionantes, experiencias inolvidables y atenci\u00f3n personalizada.\" \/>\n<meta name=\"robots\" content=\"index, follow, max-snippet:-1, max-image-preview:large, max-video-preview:-1\" \/>\n<link rel=\"canonical\" href=\"https:\/\/tropicanahostel.com\/es\/tienda\/\" \/>\n<meta property=\"og:locale\" content=\"es_ES\" \/>\n<meta property=\"og:type\" content=\"article\" \/>\n<meta property=\"og:title\" content=\"Tienda - Tropicana Hostel and Travel Agency\" \/>\n<meta property=\"og:description\" content=\"Descubre el mundo con nuestra agencia de viajes. Destinos emocionantes, experiencias inolvidables y atenci\u00f3n personalizada.\" \/>\n<meta property=\"og:url\" content=\"https:\/\/tropicanahostel.com\/es\/tienda\/\" \/>\n<meta property=\"og:site_name\" content=\"Tropicana Hostel and Travel Agency\" \/>\n<meta property=\"article:publisher\" content=\"https:\/\/www.facebook.com\/tropicanahostel\/\" \/>\n<meta property=\"article:modified_time\" content=\"2023-10-21T01:35:27+00:00\" \/>\n<meta property=\"og:image\" content=\"https:\/\/tropicanahostel.com\/wp-content\/uploads\/2019\/11\/facebook.png\" \/>\n\t<meta property=\"og:image:width\" content=\"1200\" \/>\n\t<meta property=\"og:image:height\" content=\"800\" \/>\n\t<meta property=\"og:image:type\" content=\"image\/png\" \/>\n<meta name=\"twitter:card\" content=\"summary_large_image\" \/>\n<meta name=\"twitter:title\" content=\"Tienda - Tropicana Hostel and Travel Agency\" \/>\n<meta name=\"twitter:description\" content=\"Descubre el mundo con nuestra agencia de viajes. Destinos emocionantes, experiencias inolvidables y atenci\u00f3n personalizada.\" \/>\n<meta name=\"twitter:label1\" content=\"Tiempo de lectura\" \/>\n\t<meta name=\"twitter:data1\" content=\"1 minuto\" \/>\n<script type=\"application\/ld+json\" class=\"yoast-schema-graph\">{\"@context\":\"https:\/\/schema.org\",\"@graph\":[{\"@type\":\"WebPage\",\"@id\":\"https:\/\/tropicanahostel.com\/es\/tienda\/\",\"url\":\"https:\/\/tropicanahostel.com\/es\/tienda\/\",\"name\":\"Tienda - Tropicana Hostel and Travel Agency\",\"isPartOf\":{\"@id\":\"https:\/\/tropicanahostel.com\/es\/#website\"},\"datePublished\":\"2021-03-31T21:35:10+00:00\",\"dateModified\":\"2023-10-21T01:35:27+00:00\",\"description\":\"Descubre el mundo con nuestra agencia de viajes. Destinos emocionantes, experiencias inolvidables y atenci\u00f3n personalizada.\",\"breadcrumb\":{\"@id\":\"https:\/\/tropicanahostel.com\/es\/tienda\/#breadcrumb\"},\"inLanguage\":\"es\",\"potentialAction\":[{\"@type\":\"ReadAction\",\"target\":[\"https:\/\/tropicanahostel.com\/es\/tienda\/\"]}]},{\"@type\":\"BreadcrumbList\",\"@id\":\"https:\/\/tropicanahostel.com\/es\/tienda\/#breadcrumb\",\"itemListElement\":[{\"@type\":\"ListItem\",\"position\":1,\"name\":\"Home\",\"item\":\"https:\/\/tropicanahostel.com\/es\/\"},{\"@type\":\"ListItem\",\"position\":2,\"name\":\"Tienda\"}]},{\"@type\":\"WebSite\",\"@id\":\"https:\/\/tropicanahostel.com\/es\/#website\",\"url\":\"https:\/\/tropicanahostel.com\/es\/\",\"name\":\"Tropicana Hostel and Travel Agency\",\"description\":\"Acatenango Tour  - Acatenango Hike - Hostel in Antigua\",\"potentialAction\":[{\"@type\":\"SearchAction\",\"target\":{\"@type\":\"EntryPoint\",\"urlTemplate\":\"https:\/\/tropicanahostel.com\/es\/?s={search_term_string}\"},\"query-input\":{\"@type\":\"PropertyValueSpecification\",\"valueRequired\":true,\"valueName\":\"search_term_string\"}}],\"inLanguage\":\"es\"}]}<\/script>\n<!-- \/ Yoast SEO Premium plugin. -->","yoast_head_json":{"title":"Tienda - Tropicana Hostel and Travel Agency","description":"Descubre el mundo con nuestra agencia de viajes. Destinos emocionantes, experiencias inolvidables y atenci\u00f3n personalizada.","robots":{"index":"index","follow":"follow","max-snippet":"max-snippet:-1","max-image-preview":"max-image-preview:large","max-video-preview":"max-video-preview:-1"},"canonical":"https:\/\/tropicanahostel.com\/es\/tienda\/","og_locale":"es_ES","og_type":"article","og_title":"Tienda - Tropicana Hostel and Travel Agency","og_description":"Descubre el mundo con nuestra agencia de viajes. Destinos emocionantes, experiencias inolvidables y atenci\u00f3n personalizada.","og_url":"https:\/\/tropicanahostel.com\/es\/tienda\/","og_site_name":"Tropicana Hostel and Travel Agency","article_publisher":"https:\/\/www.facebook.com\/tropicanahostel\/","article_modified_time":"2023-10-21T01:35:27+00:00","og_image":[{"width":1200,"height":800,"url":"https:\/\/tropicanahostel.com\/wp-content\/uploads\/2019\/11\/facebook.png","type":"image\/png"}],"twitter_card":"summary_large_image","twitter_title":"Tienda - Tropicana Hostel and Travel Agency","twitter_description":"Descubre el mundo con nuestra agencia de viajes. Destinos emocionantes, experiencias inolvidables y atenci\u00f3n personalizada.","twitter_misc":{"Tiempo de lectura":"1 minuto"},"schema":{"@context":"https:\/\/schema.org","@graph":[{"@type":"WebPage","@id":"https:\/\/tropicanahostel.com\/es\/tienda\/","url":"https:\/\/tropicanahostel.com\/es\/tienda\/","name":"Tienda - Tropicana Hostel and Travel Agency","isPartOf":{"@id":"https:\/\/tropicanahostel.com\/es\/#website"},"datePublished":"2021-03-31T21:35:10+00:00","dateModified":"2023-10-21T01:35:27+00:00","description":"Descubre el mundo con nuestra agencia de viajes. Destinos emocionantes, experiencias inolvidables y atenci\u00f3n personalizada.","breadcrumb":{"@id":"https:\/\/tropicanahostel.com\/es\/tienda\/#breadcrumb"},"inLanguage":"es","potentialAction":[{"@type":"ReadAction","target":["https:\/\/tropicanahostel.com\/es\/tienda\/"]}]},{"@type":"BreadcrumbList","@id":"https:\/\/tropicanahostel.com\/es\/tienda\/#breadcrumb","itemListElement":[{"@type":"ListItem","position":1,"name":"Home","item":"https:\/\/tropicanahostel.com\/es\/"},{"@type":"ListItem","position":2,"name":"Tienda"}]},{"@type":"WebSite","@id":"https:\/\/tropicanahostel.com\/es\/#website","url":"https:\/\/tropicanahostel.com\/es\/","name":"Tropicana Hostel and Travel Agency","description":"Acatenango Tour  - Acatenango Hike - Hostel in Antigua","potentialAction":[{"@type":"SearchAction","target":{"@type":"EntryPoint","urlTemplate":"https:\/\/tropicanahostel.com\/es\/?s={search_term_string}"},"query-input":{"@type":"PropertyValueSpecification","valueRequired":true,"valueName":"search_term_string"}}],"inLanguage":"es"}]}},"jetpack_shortlink":"https:\/\/wp.me\/P9KhkJ-1A1","jetpack_likes_enabled":true,"jetpack-related-posts":[],"jetpack_sharing_enabled":true,"_links":{"self":[{"href":"https:\/\/tropicanahostel.com\/es\/wp-json\/wp\/v2\/pages\/6077","targetHints":{"allow":["GET"]}}],"collection":[{"href":"https:\/\/tropicanahostel.com\/es\/wp-json\/wp\/v2\/pages"}],"about":[{"href":"https:\/\/tropicanahostel.com\/es\/wp-json\/wp\/v2\/types\/page"}],"author":[{"embeddable":true,"href":"https:\/\/tropicanahostel.com\/es\/wp-json\/wp\/v2\/users\/733"}],"replies":[{"embeddable":true,"href":"https:\/\/tropicanahostel.com\/es\/wp-json\/wp\/v2\/comments?post=6077"}],"version-history":[{"count":0,"href":"https:\/\/tropicanahostel.com\/es\/wp-json\/wp\/v2\/pages\/6077\/revisions"}],"wp:attachment":[{"href":"https:\/\/tropicanahostel.com\/es\/wp-json\/wp\/v2\/media?parent=6077"}],"wp:term":[{"taxonomy":"home-package","embeddable":true,"href":"https:\/\/tropicanahostel.com\/es\/wp-json\/wp\/v2\/home-package?post=6077"}],"curies":[{"name":"wp","href":"https:\/\/api.w.org\/{rel}","templated":true}]}}